{"id":17804,"date":"2024-09-11T16:51:01","date_gmt":"2024-09-11T15:51:01","guid":{"rendered":"https:\/\/elnesry.com\/?page_id=17804"},"modified":"2024-09-11T16:51:03","modified_gmt":"2024-09-11T15:51:03","slug":"politique-de-confidentialite-2","status":"publish","type":"page","link":"https:\/\/elnesry.com\/fr\/politique-de-confidentialite-2\/","title":{"rendered":"politique de confidentialit\u00e9"},"content":{"rendered":"<h2 class=\"wp-block-heading\">politique de confidentialit\u00e9<\/h2>\n\n\n\n<p>Le site Web elnesry-store appartient \u00e0 elnesry-store, qui est le responsable du traitement de vos donn\u00e9es personnelles.<\/p>\n\n\n\n<p>Nous avons adopt\u00e9 cette politique de confidentialit\u00e9, qui d\u00e9termine la mani\u00e8re dont nous traitons les informations collect\u00e9es par elnesry-store, qui fournit \u00e9galement les raisons pour lesquelles nous devons collecter certaines donn\u00e9es personnelles vous concernant. Par cons\u00e9quent, vous devez lire cette politique de confidentialit\u00e9 avant d\u2019utiliser le site Web de elnesry-store.<\/p>\n\n\n\n<p>Nous prenons soin de vos donn\u00e9es personnelles et nous engageons \u00e0 garantir leur confidentialit\u00e9 et leur s\u00e9curit\u00e9.<\/p>\n\n\n\n<p>Informations personnelles que nous collectons :<\/p>\n\n\n\n<p>Lorsque vous visitez la elnesry-store, nous collectons automatiquement certaines informations sur votre appareil, notamment des informations sur votre navigateur Web, votre adresse IP, votre fuseau horaire et certains des cookies install\u00e9s sur votre appareil. De plus, lorsque vous parcourez le Site, nous collectons des informations sur les pages Web ou les produits individuels que vous consultez, sur les sites Web ou les termes de recherche qui vous ont renvoy\u00e9 vers le Site et sur la mani\u00e8re dont vous interagissez avec le Site. Nous appelons ces informations collect\u00e9es automatiquement \u00ab Informations sur l&#8217;appareil \u00bb. De plus, nous pouvons collecter les donn\u00e9es personnelles que vous nous fournissez (y compris, mais sans s&#8217;y limiter, le nom, le pr\u00e9nom, l&#8217;adresse, les informations de paiement, etc.) lors de l&#8217;inscription afin de pouvoir remplir l&#8217;accord.<\/p>\n\n\n\n<p>Pourquoi traitons-nous vos donn\u00e9es ?<\/p>\n\n\n\n<p>Notre priorit\u00e9 absolue est la s\u00e9curit\u00e9 des donn\u00e9es des clients et, \u00e0 ce titre, nous ne pouvons traiter que des donn\u00e9es utilisateur minimes, dans la mesure o\u00f9 cela est absolument n\u00e9cessaire \u00e0 la maintenance du site Web. Les informations collect\u00e9es automatiquement sont utilis\u00e9es uniquement pour identifier les cas potentiels d&#8217;abus et \u00e9tablir des informations statistiques sur l&#8217;utilisation du site Web. Ces informations statistiques ne sont pas regroup\u00e9es de mani\u00e8re \u00e0 identifier un utilisateur particulier du syst\u00e8me.<\/p>\n\n\n\n<p>Vous pouvez visiter le site Web sans nous dire qui vous \u00eates ni r\u00e9v\u00e9ler aucune information permettant \u00e0 quelqu&#8217;un de vous identifier en tant qu&#8217;individu sp\u00e9cifique et identifiable. Si toutefois vous souhaitez utiliser certaines fonctionnalit\u00e9s du site, ou si vous souhaitez recevoir notre newsletter ou fournir d&#8217;autres informations en remplissant un formulaire, vous pouvez nous fournir des donn\u00e9es personnelles, telles que votre email, votre pr\u00e9nom, votre nom, votre ville. lieu de r\u00e9sidence, organisation, num\u00e9ro de t\u00e9l\u00e9phone. Vous pouvez choisir de ne pas nous fournir vos donn\u00e9es personnelles, mais vous ne pourrez alors peut-\u00eatre pas profiter de certaines fonctionnalit\u00e9s du site Web. Par exemple, vous ne pourrez pas recevoir notre Newsletter ni nous contacter directement depuis le site Internet. Les utilisateurs qui ne savent pas quelles informations sont obligatoires sont invit\u00e9s \u00e0 nous contacter<\/p>\n\n\n\n<p><\/p>","protected":false},"excerpt":{"rendered":"<p>politique de confidentialit\u00e9 Le site Web elnesry-store appartient \u00e0 elnesry-store, qui est le responsable du traitement de vos donn\u00e9es personnelles.<\/p>","protected":false},"author":2,"featured_media":0,"parent":0,"menu_order":0,"comment_status":"closed","ping_status":"closed","template":"","meta":{"_acf_changed":false,"footnotes":""},"class_list":["post-17804","page","type-page","status-publish","hentry"],"acf":[],"_hostinger_reach_plugin_has_subscription_block":false,"_hostinger_reach_plugin_is_elementor":false,"_links":{"self":[{"href":"https:\/\/elnesry.com\/fr\/wp-json\/wp\/v2\/pages\/17804","targetHints":{"allow":["GET"]}}],"collection":[{"href":"https:\/\/elnesry.com\/fr\/wp-json\/wp\/v2\/pages"}],"about":[{"href":"https:\/\/elnesry.com\/fr\/wp-json\/wp\/v2\/types\/page"}],"author":[{"embeddable":true,"href":"https:\/\/elnesry.com\/fr\/wp-json\/wp\/v2\/users\/2"}],"replies":[{"embeddable":true,"href":"https:\/\/elnesry.com\/fr\/wp-json\/wp\/v2\/comments?post=17804"}],"version-history":[{"count":0,"href":"https:\/\/elnesry.com\/fr\/wp-json\/wp\/v2\/pages\/17804\/revisions"}],"wp:attachment":[{"href":"https:\/\/elnesry.com\/fr\/wp-json\/wp\/v2\/media?parent=17804"}],"curies":[{"name":"wp","href":"https:\/\/api.w.org\/{rel}","templated":true}]}}