{"id":4146,"date":"2022-09-10T11:02:31","date_gmt":"2022-09-10T10:02:31","guid":{"rendered":"https:\/\/elnesry.com\/?page_id=4146"},"modified":"2022-09-10T11:02:31","modified_gmt":"2022-09-10T10:02:31","slug":"remboursements_retours","status":"publish","type":"page","link":"https:\/\/elnesry.com\/fr\/remboursements_retours\/","title":{"rendered":"Politique en mati\u00e8re de remboursements et de retours"},"content":{"rendered":"<div class=\"wpb-content-wrapper\"><div class=\"vc_row wpb_row vc_row-fluid\"><div class=\"wpb_column vc_column_container vc_col-sm-12\"><div class=\"vc_column-inner\"><div class=\"wpb_wrapper\">\n\t<div class=\"wpb_text_column wpb_content_element\" >\n\t\t<div class=\"wpb_wrapper\">\n\t\t\t<p><!-- \/wp:post-content --><\/p>\n<p><!-- wp:paragraph --><\/p>\n<h3>A propos<\/h3>\n<p><!-- \/wp:paragraph --><\/p>\n<p class=\"elementor-heading-title elementor-size-default\">El-Nesri est une marque de v\u00eatements alg\u00e9rienne qui s&#8217;efforce de fournir les plus beaux designs pour un look \u00e9pur\u00e9, confortable et respectable. Nous vous proposons des modes pour filles parmi une large s\u00e9lection de robes, hauts et chemisiers, v\u00eatements de sport, vestes et manteaux, ensembles de v\u00eatements et plus encore \u00e0 un prix abordable.<\/p>\n<p><!-- \/wp:list --><\/p>\n<p>&nbsp;<\/p>\n<p><!-- wp:paragraph --><\/p>\n<h2>Remboursement<\/h2>\n<p><!-- \/wp:paragraph --><\/p>\n<p>Notre boutique El Nesry n&#8217;accepte aucune demande de remboursement du fait qu&#8217;elle vous a mis \u00e0 votre disposition l&#8217;ensemble des informations d\u00e9taill\u00e9es en mati\u00e8re de prix, de couleur, de taille , &#8230;etc.<\/p>\n<p>Le remboursement se fait dans un seul cas seulement, c&#8217;est suite \u00e0 une erreur de notre boutique. Dans ce cas, la boutique vous propose d&#8217;\u00e9changer votre article ou \u00e0 d\u00e9faut le remboursement int\u00e9gral.<\/p>\n<p><!-- \/wp:paragraph --><\/p>\n<p>&nbsp;<\/p>\n<p><!-- \/wp:paragraph --><\/p>\n<p>&nbsp;<\/p>\n<p><!-- wp:paragraph --><\/p>\n<h2>Echanges<\/h2>\n<p><!-- \/wp:paragraph --><\/p>\n<p>Notre boutique El Nesry n&#8217;accepte aucune demande d&#8217;\u00e9change du fait qu&#8217;elle vous a mis \u00e0 votre disposition l&#8217;ensemble des informations d\u00e9taill\u00e9es en mati\u00e8re de prix, de couleur, de taille , &#8230;etc.<\/p>\n<p>L&#8217;\u00e9change se fait dans un seul cas seulement, c&#8217;est suite \u00e0 une erreur de notre boutique. Dans ce cas, la boutique vous propose d&#8217;\u00e9changer votre article ou \u00e0 d\u00e9faut le remboursement int\u00e9gral.<\/p>\n<p><!-- \/wp:paragraph --><\/p>\n<p>&nbsp;<\/p>\n<p><!-- wp:paragraph --><\/p>\n<p>&nbsp;<\/p>\n<p><!-- \/wp:paragraph --><\/p>\n<p>&nbsp;<\/p>\n<p><!-- wp:paragraph --><\/p>\n<h2>Transport des retours<\/h2>\n<p><!-- \/wp:paragraph --><\/p>\n<p>Les \u00e9changes et les remboursements effectu\u00e9s suite \u00e0 une erreur de la boutique sont \u00e0 la charge de la boutique. Le client n&#8217;aura aucune change \u00e0 supporter.<\/p>\n<p><!-- \/wp:paragraph --><\/p>\n<p>&nbsp;<\/p>\n<p><!-- wp:paragraph --><\/p>\n<h2>Besoin d&#8217;aide?<\/h2>\n<p><!-- \/wp:paragraph --><\/p>\n<p><!-- wp:paragraph -->Contactez nous pour plus d&#8217;information concernant le remboursement et l&#8217;\u00e9change des articles.<\/p>\n<p><!-- \/wp:paragraph --><\/p>\n<p>&nbsp;<\/p>\n\n\t\t<\/div>\n\t<\/div>\n<\/div><\/div><\/div><\/div><\/div>","protected":false},"excerpt":{"rendered":"A propos El-Nesri est une marque de v\u00eatements alg\u00e9rienne qui s'efforce de fournir les plus beaux designs pour un look","protected":false},"author":1,"featured_media":0,"parent":0,"menu_order":0,"comment_status":"closed","ping_status":"closed","template":"","meta":{"_acf_changed":false,"footnotes":""},"class_list":["post-4146","page","type-page","status-publish","hentry"],"acf":[],"_hostinger_reach_plugin_has_subscription_block":false,"_hostinger_reach_plugin_is_elementor":false,"_links":{"self":[{"href":"https:\/\/elnesry.com\/fr\/wp-json\/wp\/v2\/pages\/4146","targetHints":{"allow":["GET"]}}],"collection":[{"href":"https:\/\/elnesry.com\/fr\/wp-json\/wp\/v2\/pages"}],"about":[{"href":"https:\/\/elnesry.com\/fr\/wp-json\/wp\/v2\/types\/page"}],"author":[{"embeddable":true,"href":"https:\/\/elnesry.com\/fr\/wp-json\/wp\/v2\/users\/1"}],"replies":[{"embeddable":true,"href":"https:\/\/elnesry.com\/fr\/wp-json\/wp\/v2\/comments?post=4146"}],"version-history":[{"count":0,"href":"https:\/\/elnesry.com\/fr\/wp-json\/wp\/v2\/pages\/4146\/revisions"}],"wp:attachment":[{"href":"https:\/\/elnesry.com\/fr\/wp-json\/wp\/v2\/media?parent=4146"}],"curies":[{"name":"wp","href":"https:\/\/api.w.org\/{rel}","templated":true}]}}