{"id":43,"date":"2017-12-17T10:06:43","date_gmt":"2017-12-17T10:06:43","guid":{"rendered":"https:\/\/elnesry.com\/about\/"},"modified":"2025-12-05T12:50:17","modified_gmt":"2025-12-05T11:50:17","slug":"about","status":"publish","type":"page","link":"https:\/\/elnesry.com\/fr\/about\/","title":{"rendered":"A propos"},"content":{"rendered":"<h2>A propos<\/h2>\n<h2>Qui sommes-nous<br \/>\n<\/h2>\n<p>Boutique des v\u00eatements pour femmes<\/p>\n<h5>\u0645\u0646 \u0646\u062d\u0646 \u2013 \u0627\u0644\u0646\u0633\u0631\u064a<\/h5>\n<h5>\u0627\u0644\u0646\u0633\u0631\u064a \u0647\u064a \u0639\u0644\u0627\u0645\u0629 \u0623\u0632\u064a\u0627\u0621 \u062c\u0632\u0627\u0626\u0631\u064a\u0629 \u0645\u062a\u062e\u0635\u0635\u0629 \u0641\u064a \u062a\u0635\u0645\u064a\u0645 \u0627\u0644\u0639\u0628\u0627\u064a\u0627\u062a \u0627\u0644\u0631\u0627\u0642\u064a\u0629\u060c \u062d\u064a\u062b \u064a\u0644\u062a\u0642\u064a \u0627\u0644\u0627\u062d\u062a\u0634\u0627\u0645 \u0628\u0627\u0644\u0641\u062e\u0627\u0645\u0629\u060c \u0648\u062a\u0644\u062a\u0642\u064a \u0627\u0644\u0647\u0648\u064a\u0629 \u0627\u0644\u0639\u0635\u0631\u064a\u0629 \u0628\u0627\u0644\u0623\u0646\u0627\u0642\u0629 \u0627\u0644\u062e\u0627\u0644\u062f\u0629<\/h5>\n<p>.<\/p>\n<p>.<\/p>\n<p>\u00a0<\/p>\n<h5>\u0646\u0624\u0645\u0646 \u0641\u064a \u0627\u0644\u0646\u0633\u0631\u064a \u0623\u0646 \u0627\u0644\u0639\u0628\u0627\u064a\u0629 \u0644\u064a\u0633\u062a \u0645\u062c\u0631\u062f \u0642\u0637\u0639\u0629 \u0645\u0644\u0627\u0628\u0633\u060c \u0628\u0644 \u0647\u064a \u0644\u063a\u0629 \u062d\u0636\u0648\u0631\u060c \u0648\u0631\u0633\u0627\u0644\u0629 \u0630\u0648\u0642\u060c \u0648\u0627\u0646\u0639\u0643\u0627\u0633 \u0644\u0642\u0648\u0629 \u0627\u0644\u0645\u0631\u0623\u0629 \u0648\u0647\u062f\u0648\u0626\u0647\u0627 \u0641\u064a \u0622\u0646 \u0648\u0627\u062d\u062f<\/h5>\n<h5>. \u0646\u0635\u0645\u0651\u0645 \u0644\u0643\u0644 \u0627\u0645\u0631\u0623\u0629 \u062a\u0639\u0631\u0641 \u0645\u0646 \u062a\u0643\u0648\u0646\u060c \u0648\u062a\u062e\u062a\u0627\u0631 \u0623\u0646 \u062a\u0639\u0628\u0651\u0631 \u0639\u0646 \u0646\u0641\u0633\u0647\u0627 \u0628\u0623\u0646\u0627\u0642\u0629 \u0631\u0627\u0642\u064a\u0629 \u0644\u0627 \u062a\u062d\u062a\u0627\u062c \u0625\u0644\u0649 \u0636\u062c\u064a\u062c.<\/h5>\n<h5>\u00a0<\/h5>\n<h5>.<\/h5>\n<h5>.<\/h5>\n<h5>.\u0631\u0624\u064a\u062a\u0646\u0627<\/h5>\n<h5>\u00a0<\/h5>\n<h5>\u0623\u0646 \u0646\u0635\u0628\u062d \u0627\u0644\u0645\u0631\u062c\u0639 \u0627\u0644\u0623\u0648\u0644 \u0644\u0644\u0645\u0631\u0623\u0629 \u0627\u0644\u062a\u064a \u062a\u0628\u062d\u062b \u0639\u0646: \u0639\u0628\u0627\u064a\u0627\u062a \u0641\u0627\u062e\u0631\u0629 \u0628\u0647\u0648\u064a\u0629 \u0639\u0635\u0631\u064a\u0629<\/h5>\n<h5>\u0627\u062d\u062a\u0634\u0627\u0645 \u0631\u0627\u0642\u064d \u063a\u064a\u0631 \u062a\u0642\u0644\u064a\u062f\u064a-<\/h5>\n<h5>\u00a0\u0642\u0637\u0639 \u062e\u0627\u0644\u062f\u0629 \u0644\u0627 \u062a\u062e\u0636\u0639 \u0644\u0632\u0645\u0646 \u0627\u0644\u062a\u0631\u0646\u062f<\/h5>\n<h5>\u00a0<\/h5>\n<h5>\u0631\u0633\u0627\u0644\u062a\u0646\u0627<\/h5>\n<h5>\u00a0<\/h5>\n<h5>\u0646\u0642\u062f\u0651\u0645 \u0641\u064a \u0627\u0644\u0646\u0633\u0631\u064a \u062a\u0635\u0627\u0645\u064a\u0645:<\/h5>\n<h5>\u00a0\u0645\u0635\u0646\u0648\u0639\u0629 \u0645\u0646 \u0623\u0642\u0645\u0634\u0629 \u0645\u062e\u062a\u0627\u0631\u0629 \u0628\u0639\u0646\u0627\u064a\u0629 \u0645\u062b\u0644 \u0627\u0644\u0645\u062e\u0645\u0644\u060c \u0627\u0644\u0628\u0631\u0648\u0643\u0627\u0631\u060c \u0648\u0627\u0644\u0633\u0627\u062a\u0627\u0646<\/h5>\n<h5>\u0628\u0642\u0635\u0651\u0627\u062a \u0645\u062f\u0631\u0648\u0633\u0629 \u062a\u0646\u0627\u0633\u0628 \u0645\u062e\u062a\u0644\u0641 \u0627\u0644\u0623\u062c\u0633\u0627\u0645 * \u0648\u062a\u0641\u0627\u0635\u064a\u0644 \u062f\u0642\u064a\u0642\u0629 \u062a\u0639\u0643\u0633 \u0645\u0633\u062a\u0648\u0649 \u0639\u0627\u0644\u064d \u0645\u0646 \u0627\u0644\u062d\u0650\u0631\u064e\u0641\u064a\u0629<\/h5>\n<h5>\u0647\u062f\u0641\u0646\u0627 \u0623\u0646 \u062a\u0634\u0639\u0631 \u0643\u0644 \u0627\u0645\u0631\u0623\u0629 \u062a\u0631\u062a\u062f\u064a \u0627\u0644\u0646\u0633\u0631\u064a \u0628\u0623\u0646\u0647\u0627:<\/h5>\n<h5>**\u0648\u0627\u062b\u0642\u0629\u060c \u0642\u0648\u064a\u0629\u060c \u0623\u0646\u064a\u0642\u0629\u060c \u0648\u0645\u062e\u062a\u0644\u0641\u0629<\/h5>\n<h5>\u00a0<\/h5>\n<h5>\u0647\u0648\u064a\u0629 \u0627\u0644\u0646\u0633\u0631\u064a<\/h5>\n<h5>\u00a0<\/h5>\n<h5>\u0641\u062e\u0627\u0645\u0629 \u0647\u0627\u062f\u0626\u0629\u00a0<\/h5>\n<h5>\u0623\u0646\u0648\u062b\u0629 \u0631\u0627\u0642\u064a\u0629\u00a0<\/h5>\n<h5>\u062d\u0636\u0648\u0631 \u0645\u0644\u0643\u064a \u0628\u0644\u0627 \u0645\u0628\u0627\u0644\u063a\u0629\u00a0<\/h5>\n<h5>\u0623\u0646\u0627\u0642\u0629 \u0644\u0627 \u062a\u064f\u0646\u0633\u0649 \u0646\u062e\u0627\u0637\u0628 \u0627\u0644\u0645\u0631\u0623\u0629 \u0627\u0644\u062a\u064a \u0644\u0627 \u062a\u062a\u0628\u0639 \u0627\u0644\u0645\u0648\u0636\u0629 \u0628\u0644 \u062a\u0635\u0646\u0639 \u0623\u0633\u0644\u0648\u0628\u0647\u0627\u00a0<\/h5>\n<h5>\u062a\u062e\u062a\u0627\u0631 \u0627\u0644\u062c\u0648\u062f\u0629 \u0644\u0627 \u0627\u0644\u0643\u062b\u0631\u0629\u00a0<\/h5>\n<h5>\u0648\u062a\u0631\u0649 \u0641\u064a \u0627\u0644\u0623\u0646\u0627\u0642\u0629 \u0627\u0645\u062a\u062f\u0627\u062f\u064b\u0627 \u0644\u0634\u062e\u0635\u064a\u062a\u0647\u0627 \u0644\u0627 \u0645\u062c\u0631\u062f \u0645\u0638\u0647\u0631<\/h5>\n<p>.<\/p>\n<p>.<\/p>\n<p>.<\/p>\n<h5>\u0642\u064a\u0645\u0646\u0627<\/h5>\n<h5>\u0627\u0644\u062c\u0648\u062f\u0629 \u0642\u0628\u0644 \u0627\u0644\u0643\u0645\u064a\u0629<\/h5>\n<h5>\u0627\u0644\u0623\u0646\u0627\u0642\u0629 \u0627\u0644\u062f\u0627\u0626\u0645\u0629 \u0644\u0627 \u0627\u0644\u0645\u0624\u0642\u062a\u0629<\/h5>\n<h5>\u0627\u0644\u0627\u062d\u062a\u0634\u0627\u0645 \u0643\u0642\u0648\u0629 \u0648\u0644\u064a\u0633 \u0643\u0642\u064a\u062f<\/h5>\n<h5>\u0627\u0644\u0645\u0631\u0623\u0629 \u0623\u0648\u0644\u064b\u0627 \u062f\u0627\u0626\u0645\u064b\u0627<\/h5>\n<h5>\u00a0<\/h5>\n<h5>\u0644\u0645\u0627\u0630\u0627 \u0627\u0644\u0646\u0633\u0631\u064a\u061f<\/h5>\n<h5>\u00a0<\/h5>\n<h5>\u0644\u0623\u0646\u0646\u0627 \u0644\u0627 \u0646\u0635\u0645\u0645 \u0641\u0642\u0637 \u0639\u0628\u0627\u064a\u0627\u062a\u2026 \u0646\u062d\u0646 \u0646\u0635\u0645\u0651\u0645 \u0634\u0639\u0648\u0631\u064b\u0627\u060c \u062d\u0636\u0648\u0631\u064b\u0627\u060c \u0648\u0647\u0648\u064a\u0629<\/h5>\n<h5>\u00a0\u0644\u0623\u0646\u0646\u0627 \u0646\u0624\u0645\u0646 \u0623\u0646:\u0627\u0644\u0623\u0646\u0627\u0642\u0629 \u0627\u0644\u062d\u0642\u064a\u0642\u064a\u0629 \u0644\u0627 \u062a\u064f\u0633\u062a\u0639\u0631\u0636\u2026 \u0628\u0644 \u062a\u064f\u062d\u064e\u0633\u0651<\/h5>\n<h5>\u00a0<\/h5>\n<h5>\u0627\u0644\u0646\u0633\u0631\u064a \u0627\u0644\u064a\u0648\u0645<\/h5>\n<h5>\u00a0<\/h5>\n<h5>\u062a\u0642\u062f\u0651\u0645 \u0627\u0644\u0646\u0633\u0631\u064a \u0645\u062c\u0645\u0648\u0639\u0627\u062a \u0645\u062e\u062a\u0627\u0631\u0629 \u0628\u0639\u0646\u0627\u064a\u0629\u060c \u0628\u0625\u0635\u062f\u0627\u0631\u0627\u062a \u0645\u062d\u062f\u0648\u062f\u0629\u060c \u0645\u0648\u062c\u0651\u0647\u0629 \u0644\u0644\u0645\u0631\u0623\u0629 \u0627\u0644\u062a\u064a \u062a\u0628\u062d\u062b \u0639\u0646 \u0627\u0644\u062a\u0645\u064a\u0651\u0632\u060c \u0644\u0627 \u0627\u0644\u062a\u0643\u0631\u0627\u0631\u060c \u0648\u0639\u0646 \u0627\u0644\u0641\u062e\u0627\u0645\u0629 \u0627\u0644\u062a\u064a \u062a\u062f\u0648\u0645<\/h5>\n<h2>Suivez nous<\/h2>\n<p>\t\t\t\t\t<a href=\"https:\/\/www.facebook.com\/elnesry\/\"><br \/>\n\t\t\t\t\t\tFacebook-f<br \/>\n\t\t\t\t\t\t\t\t\t\t\t<\/a><br \/>\n\t\t\t\t\t<a href=\"https:\/\/www.instagram.com\/el_nesry\/?hl=en\"><br \/>\n\t\t\t\t\t\tInstagram<br \/>\n\t\t\t\t\t\t\t\t\t\t\t<\/a><\/p>\n<h2>\n\t\t\t\t\u0644\u0645\u0627\u0630\u0627 \u0646\u062d\u0646 \u0627\u0644\u0623\u0641\u0636\u0644\t\t\t\t<\/h2>\n<h4>\n\t\t\t\t\t\t\tlivraison<br \/>\n\t\t\t\t\t<\/h4>\n<p>\n\t\t\t\t\t\tLivraison en Alg\u00e9rie sur 58 Wilayas\t\t\t\t\t<\/p>\n<h4>\n\t\t\t\t\t\t\tMeilleure qualit\u00e9<br \/>\n\t\t\t\t\t<\/h4>\n<p>\n\t\t\t\t\t\tNous offrons les meilleurs tissus et les plus belles pi\u00e8ces\t\t\t\t\t<\/p>\n<h4>\n\t\t\t\t\t\t\tMeilleures offres<br \/>\n\t\t\t\t\t<\/h4>\n<p>\n\t\t\t\t\t\tPrix \u200b\u200babordables\t\t\t\t\t<\/p>\n<h4>\n\t\t\t\t\t\t\tPaiement partout<br \/>\n\t\t\t\t\t<\/h4>\n<p>\n\t\t\t\t\t\tPaiement \u00e0 la r\u00e9ception \u00e0 Alger et par courrier dans le reste des Wilayas\t\t\t\t\t<\/p>","protected":false},"excerpt":{"rendered":"<p>\u0645\u0639\u0644\u0648\u0645\u0627\u062a \u0639\u0646\u0627 \u0645\u0646 \u0646\u062d\u0646 \u0645\u062a\u062c\u0631 \u0644\u0644\u0645\u0644\u0627\u0628\u0633 \u0627\u0644\u0646\u0633\u0627\u0626\u064a\u0629 \u0645\u0646 \u0646\u062d\u0646 \u2013 \u0627\u0644\u0646\u0633\u0631\u064a \u0627\u0644\u0646\u0633\u0631\u064a \u0647\u064a \u0639\u0644\u0627\u0645\u0629 \u0623\u0632\u064a\u0627\u0621 \u062c\u0632\u0627\u0626\u0631\u064a\u0629 \u0645\u062a\u062e\u0635\u0635\u0629 \u0641\u064a \u062a\u0635\u0645\u064a\u0645 \u0627\u0644\u0639\u0628\u0627\u064a\u0627\u062a<\/p>","protected":false},"author":1,"featured_media":1970,"parent":0,"menu_order":0,"comment_status":"closed","ping_status":"closed","template":"","meta":{"_acf_changed":false,"footnotes":""},"class_list":["post-43","page","type-page","status-publish","has-post-thumbnail","hentry"],"acf":[],"_hostinger_reach_plugin_has_subscription_block":false,"_hostinger_reach_plugin_is_elementor":false,"_links":{"self":[{"href":"https:\/\/elnesry.com\/fr\/wp-json\/wp\/v2\/pages\/43","targetHints":{"allow":["GET"]}}],"collection":[{"href":"https:\/\/elnesry.com\/fr\/wp-json\/wp\/v2\/pages"}],"about":[{"href":"https:\/\/elnesry.com\/fr\/wp-json\/wp\/v2\/types\/page"}],"author":[{"embeddable":true,"href":"https:\/\/elnesry.com\/fr\/wp-json\/wp\/v2\/users\/1"}],"replies":[{"embeddable":true,"href":"https:\/\/elnesry.com\/fr\/wp-json\/wp\/v2\/comments?post=43"}],"version-history":[{"count":0,"href":"https:\/\/elnesry.com\/fr\/wp-json\/wp\/v2\/pages\/43\/revisions"}],"wp:featuredmedia":[{"embeddable":true,"href":"https:\/\/elnesry.com\/fr\/wp-json\/wp\/v2\/media\/1970"}],"wp:attachment":[{"href":"https:\/\/elnesry.com\/fr\/wp-json\/wp\/v2\/media?parent=43"}],"curies":[{"name":"wp","href":"https:\/\/api.w.org\/{rel}","templated":true}]}}