{"id":5542,"date":"2021-12-11T16:11:16","date_gmt":"2021-12-11T16:11:16","guid":{"rendered":"https:\/\/elnesry.com\/?page_id=5542"},"modified":"2022-11-21T20:19:55","modified_gmt":"2022-11-21T19:19:55","slug":"help","status":"publish","type":"page","link":"https:\/\/elnesry.com\/fr\/help\/","title":{"rendered":"Help"},"content":{"rendered":"<h3>\n\t\t\t\t\t\t\u0627\u0644\u0627\u062a\u0635\u0627\u0644 \u0628\u0646\u0627 \u0639\u0628\u0631 \u0627\u0644\u0627\u064a\u0645\u0627\u064a\u0644<br \/>\n\t\t\t\t<\/h3>\n<h2>el.nesrystore@gmail.com<\/h2>\n<h3>\n\t\t\t\t\t\t\u0627\u0644\u0627\u062a\u0635\u0627\u0644 \u0628\u0646\u0627 \u0639\u0628\u0631 \u0627\u0644\u0647\u0627\u062a\u0641<br \/>\n\t\t\t\t<\/h3>\n<h2>0541286188<\/h2>\n<h3>Aide<\/h3>\n<p>\t\t\t\t\t\t\t\t\t\t\t\t<a href=\"\">Comment commander<\/a><\/p>\n<p>\n\t\t<video controls=\"controls\" preload=\"none\" width=\"1178\"\n\t\t height=\"568\"\t><\/video><br \/>\n\t<noscript><\/p>\n<ol>\n<li><a href='https:\/\/elnesry.com\/wp-content\/uploads\/2021\/12\/Commande-AR.mp4'>Commande AR<\/a><\/li>\n<\/ol>\n<p>\t<\/noscript>\n\t<\/p>\n<p>\t\t\t\t\t\t\t\t\t\t\t\t<a href=\"\">Mode de paiement<\/a><\/p>\n<p>Vous pouvez payer via mandat CCP ou via Baridi Mob.<\/p>\n<p>Si vous r\u00e9sidez en Alg\u00e9rie, vous pouvez payer vos frais via le compte courant postal (CCP) suivant:<\/p>\n<p>Madame: Lafer nesrine \/ N\u00b0 de compte: 0017613578 Cl\u00e9: 28<\/p>\n<p>Ou via BaridiMob gr\u00e2ce au code RIP suivant: 0079999900001761357828<\/p>\n<p>Veuillez ensuite envoyer une copie \u00e9lectronique (photo ou copie scann\u00e9e) du re\u00e7u de paiement CCP avec le num\u00e9ro de la commande par l'Email suivant: el.nesrystore@gmail.com<\/p>\n<p>Aussi, vous pouvez proc\u00e9der au paiement \u00e0 la livraison de votre commande.<\/p>\n<p>\t\t\t\t\t\t\t\t\t\t\t\t<a href=\"\">\u0633\u064a\u0627\u0633\u0629 \u0627\u0644\u062a\u0648\u0635\u064a\u0644<\/a><\/p>\n<p style=\"text-align: right;\"><strong>\u062a\u0648\u0635\u064a\u0644 \u0627\u0644\u0645\u0646\u062a\u062c\u0627\u062a<\/strong>:\u00a0\u064a\u0645\u0643\u0646\u0643\u0645 \u0627\u0644\u0627\u062e\u062a\u064a\u0627\u0631 \u0628\u064a\u0646 \u0627\u0644\u062a\u0648\u0635\u064a\u0644 \u0625\u0644\u0649 \u0645\u0642\u0631 \u0633\u0643\u0646\u0627\u0643\u0645 \u0623\u0648 \u0639\u0644\u0649 \u0645\u0633\u062a\u0648\u0649 \u0645\u0643\u062a\u0628 \u0627\u0644\u0628\u064a\u0639 \u0627\u0644\u062e\u0627\u0635 \u0628\u0648\u0644\u0627\u064a\u062a\u0643\u0645. <strong><a style=\"color: #ff0000;\" href=\"https:\/\/elnesry.com\/tarifs-livraison\/\" target=\"_blank\" rel=\"noopener\">\u062c\u062f\u0648\u0644 \u0623\u0633\u0639\u0627\u0631 \u0627\u0644\u062a\u0648\u0635\u064a\u0644<\/a><\/strong><\/p>\n<p style=\"text-align: right;\"><strong>Echange et remboursement<\/strong>: \u0627\u0644\u0628\u0636\u0627\u0639\u0629 \u0627\u0644\u0645\u0628\u0627\u0639\u0629 \u0644\u0627 \u062a\u0633\u062a\u0628\u062f\u0644 \u0648 \u0644\u0627 \u062a\u0631\u062f \u0641\u064a \u062d\u0627\u0644\u0629 \u062e\u0637\u0623 \u0645\u0646 \u0627\u0644\u0645\u062d\u0644 \u064a\u0631\u062c\u0649 \u0627\u0644\u0627\u062a\u0635\u0627\u0644 \u0641\u064a \u0627\u0644\u0647\u0627\u062a\u0641<\/p>","protected":false},"excerpt":{"rendered":"<p>\u0627\u0644\u0627\u062a\u0635\u0627\u0644 \u0628\u0646\u0627 \u0639\u0628\u0631 \u0627\u0644\u0627\u064a\u0645\u0627\u064a\u0644 el.nesrystore@gmail.com \u0627\u0644\u0627\u062a\u0635\u0627\u0644 \u0628\u0646\u0627 \u0639\u0628\u0631 \u0627\u0644\u0647\u0627\u062a\u0641 0541286188 \u0645\u0633\u0627\u0639\u062f\u0629 \u0643\u064a\u0641\u064a\u0629 \u0627\u0644\u0637\u0644\u0628 \u0645\u0646 \u0627\u0644\u0645\u0648\u0642\u0639 Commande AR \u0637\u0631\u064a\u0642\u0629 \u0627\u0644\u062f\u0641\u0639 \u064a\u0645\u0643\u0646\u0643\u0645<\/p>","protected":false},"author":66,"featured_media":0,"parent":0,"menu_order":0,"comment_status":"closed","ping_status":"closed","template":"","meta":{"_acf_changed":false,"footnotes":""},"class_list":["post-5542","page","type-page","status-publish","hentry"],"acf":[],"_hostinger_reach_plugin_has_subscription_block":false,"_hostinger_reach_plugin_is_elementor":false,"_links":{"self":[{"href":"https:\/\/elnesry.com\/fr\/wp-json\/wp\/v2\/pages\/5542","targetHints":{"allow":["GET"]}}],"collection":[{"href":"https:\/\/elnesry.com\/fr\/wp-json\/wp\/v2\/pages"}],"about":[{"href":"https:\/\/elnesry.com\/fr\/wp-json\/wp\/v2\/types\/page"}],"author":[{"embeddable":true,"href":"https:\/\/elnesry.com\/fr\/wp-json\/wp\/v2\/users\/66"}],"replies":[{"embeddable":true,"href":"https:\/\/elnesry.com\/fr\/wp-json\/wp\/v2\/comments?post=5542"}],"version-history":[{"count":0,"href":"https:\/\/elnesry.com\/fr\/wp-json\/wp\/v2\/pages\/5542\/revisions"}],"wp:attachment":[{"href":"https:\/\/elnesry.com\/fr\/wp-json\/wp\/v2\/media?parent=5542"}],"curies":[{"name":"wp","href":"https:\/\/api.w.org\/{rel}","templated":true}]}}