{"id":10323,"date":"2022-12-03T21:13:47","date_gmt":"2022-12-03T20:13:47","guid":{"rendered":"https:\/\/elnesry.com\/?post_type=product&#038;p=10323"},"modified":"2025-10-16T22:25:45","modified_gmt":"2025-10-16T21:25:45","slug":"oversized-coat-noir","status":"publish","type":"product","link":"https:\/\/elnesry.com\/fr\/store\/oversized-coat-noir\/","title":{"rendered":"Oversized Coat -Noir-"},"content":{"rendered":"<p>Avec sa coupe et sa longueur, ce manteau vous offre un look tr\u00e8s chic et styl\u00e9. Cousu dans un tissu en cachemire de tr\u00e8s bonne qualit\u00e9.<br \/>\nCol tailleur.<br \/>\nDeux poches sur les c\u00f4t\u00e9s.<br \/>\nFermeture en double boutonnage et une ceinture en cachemire.<br \/>\nDisponible en 04 couleurs (vieux rose\/marron\/camel\/noir) et en toutes tailles.<\/p>","protected":false},"excerpt":{"rendered":"<p>Avec sa coupe et sa longueur, ce manteau vous offre un look tr\u00e8s chic et styl\u00e9. Cousu dans un tissu<\/p>","protected":false},"featured_media":10327,"comment_status":"open","ping_status":"closed","template":"","meta":{"_acf_changed":false},"product_brand":[],"product_cat":[78],"product_tag":[],"class_list":{"0":"post-10323","1":"product","2":"type-product","3":"status-publish","4":"has-post-thumbnail","6":"product_cat-78","8":"first","9":"outofstock","10":"sale","11":"shipping-taxable","12":"purchasable","13":"product-type-variable"},"acf":[],"_links":{"self":[{"href":"https:\/\/elnesry.com\/fr\/wp-json\/wp\/v2\/product\/10323","targetHints":{"allow":["GET"]}}],"collection":[{"href":"https:\/\/elnesry.com\/fr\/wp-json\/wp\/v2\/product"}],"about":[{"href":"https:\/\/elnesry.com\/fr\/wp-json\/wp\/v2\/types\/product"}],"replies":[{"embeddable":true,"href":"https:\/\/elnesry.com\/fr\/wp-json\/wp\/v2\/comments?post=10323"}],"wp:featuredmedia":[{"embeddable":true,"href":"https:\/\/elnesry.com\/fr\/wp-json\/wp\/v2\/media\/10327"}],"wp:attachment":[{"href":"https:\/\/elnesry.com\/fr\/wp-json\/wp\/v2\/media?parent=10323"}],"wp:term":[{"taxonomy":"product_brand","embeddable":true,"href":"https:\/\/elnesry.com\/fr\/wp-json\/wp\/v2\/product_brand?post=10323"},{"taxonomy":"product_cat","embeddable":true,"href":"https:\/\/elnesry.com\/fr\/wp-json\/wp\/v2\/product_cat?post=10323"},{"taxonomy":"product_tag","embeddable":true,"href":"https:\/\/elnesry.com\/fr\/wp-json\/wp\/v2\/product_tag?post=10323"}],"curies":[{"name":"wp","href":"https:\/\/api.w.org\/{rel}","templated":true}]}}