{"id":10538,"date":"2022-12-28T13:29:28","date_gmt":"2022-12-28T12:29:28","guid":{"rendered":"https:\/\/elnesry.com\/?post_type=product&#038;p=10538"},"modified":"2025-10-17T11:31:58","modified_gmt":"2025-10-17T10:31:58","slug":"classy-velour-abaya","status":"publish","type":"product","link":"https:\/\/elnesry.com\/fr\/store\/classy-velour-abaya\/","title":{"rendered":"Classy Velour Abaya"},"content":{"rendered":"<p>Avec sa coupe classy et ses d\u00e9tails en velours, cette Abaya vous offre un look tr\u00e8s chic et \u00e9l\u00e9gant, dot\u00e9e d&#8217;un under dress qui vous tient toujours Mastoura, un col tailleur et des manches \u00e9vas\u00e9es en velour. Disponible en 3 couleurs et en toutes tailles.<\/p>","protected":false},"excerpt":{"rendered":"<p>Avec sa coupe classy et ses d\u00e9tails en velours, cette Abaya vous offre un look tr\u00e8s chic et \u00e9l\u00e9gant, dot\u00e9e<\/p>","protected":false},"featured_media":10568,"comment_status":"open","ping_status":"closed","template":"","meta":{"_acf_changed":false},"product_brand":[],"product_cat":[128,53],"product_tag":[],"class_list":{"0":"post-10538","1":"product","2":"type-product","3":"status-publish","4":"has-post-thumbnail","6":"product_cat-destockage","7":"product_cat-53","9":"first","10":"outofstock","11":"sale","12":"shipping-taxable","13":"purchasable","14":"product-type-variable"},"acf":[],"_links":{"self":[{"href":"https:\/\/elnesry.com\/fr\/wp-json\/wp\/v2\/product\/10538","targetHints":{"allow":["GET"]}}],"collection":[{"href":"https:\/\/elnesry.com\/fr\/wp-json\/wp\/v2\/product"}],"about":[{"href":"https:\/\/elnesry.com\/fr\/wp-json\/wp\/v2\/types\/product"}],"replies":[{"embeddable":true,"href":"https:\/\/elnesry.com\/fr\/wp-json\/wp\/v2\/comments?post=10538"}],"wp:featuredmedia":[{"embeddable":true,"href":"https:\/\/elnesry.com\/fr\/wp-json\/wp\/v2\/media\/10568"}],"wp:attachment":[{"href":"https:\/\/elnesry.com\/fr\/wp-json\/wp\/v2\/media?parent=10538"}],"wp:term":[{"taxonomy":"product_brand","embeddable":true,"href":"https:\/\/elnesry.com\/fr\/wp-json\/wp\/v2\/product_brand?post=10538"},{"taxonomy":"product_cat","embeddable":true,"href":"https:\/\/elnesry.com\/fr\/wp-json\/wp\/v2\/product_cat?post=10538"},{"taxonomy":"product_tag","embeddable":true,"href":"https:\/\/elnesry.com\/fr\/wp-json\/wp\/v2\/product_tag?post=10538"}],"curies":[{"name":"wp","href":"https:\/\/api.w.org\/{rel}","templated":true}]}}