{"id":10574,"date":"2022-12-28T17:59:26","date_gmt":"2022-12-28T16:59:26","guid":{"rendered":"https:\/\/elnesry.com\/?post_type=product&#038;p=10574"},"modified":"2023-12-15T08:34:34","modified_gmt":"2023-12-15T07:34:34","slug":"abaya-details-tweed","status":"publish","type":"product","link":"https:\/\/elnesry.com\/fr\/store\/abaya-details-tweed\/","title":{"rendered":"Abaya D\u00e9tails Tweed"},"content":{"rendered":"<p>Une Abaya \u00e9l\u00e9gante et classe cousue dans un tissu fluide et opaque, orn\u00e9e de d\u00e9tails en tissu chanel le long de la Abaya et au niveau des manches.<br \/>\nDisponible en une seule couleur et en toutes tailles.<\/p>","protected":false},"excerpt":{"rendered":"<p>Une Abaya \u00e9l\u00e9gante et classe cousue dans un tissu fluide et opaque, orn\u00e9e de d\u00e9tails en tissu chanel le long<\/p>","protected":false},"featured_media":10581,"comment_status":"open","ping_status":"closed","template":"","meta":{"_acf_changed":false},"product_brand":[],"product_cat":[53],"product_tag":[],"class_list":{"0":"post-10574","1":"product","2":"type-product","3":"status-publish","4":"has-post-thumbnail","6":"product_cat-53","8":"first","9":"outofstock","10":"shipping-taxable","11":"purchasable","12":"product-type-variable"},"acf":[],"_links":{"self":[{"href":"https:\/\/elnesry.com\/fr\/wp-json\/wp\/v2\/product\/10574","targetHints":{"allow":["GET"]}}],"collection":[{"href":"https:\/\/elnesry.com\/fr\/wp-json\/wp\/v2\/product"}],"about":[{"href":"https:\/\/elnesry.com\/fr\/wp-json\/wp\/v2\/types\/product"}],"replies":[{"embeddable":true,"href":"https:\/\/elnesry.com\/fr\/wp-json\/wp\/v2\/comments?post=10574"}],"wp:featuredmedia":[{"embeddable":true,"href":"https:\/\/elnesry.com\/fr\/wp-json\/wp\/v2\/media\/10581"}],"wp:attachment":[{"href":"https:\/\/elnesry.com\/fr\/wp-json\/wp\/v2\/media?parent=10574"}],"wp:term":[{"taxonomy":"product_brand","embeddable":true,"href":"https:\/\/elnesry.com\/fr\/wp-json\/wp\/v2\/product_brand?post=10574"},{"taxonomy":"product_cat","embeddable":true,"href":"https:\/\/elnesry.com\/fr\/wp-json\/wp\/v2\/product_cat?post=10574"},{"taxonomy":"product_tag","embeddable":true,"href":"https:\/\/elnesry.com\/fr\/wp-json\/wp\/v2\/product_tag?post=10574"}],"curies":[{"name":"wp","href":"https:\/\/api.w.org\/{rel}","templated":true}]}}