{"id":10627,"date":"2022-12-29T12:25:44","date_gmt":"2022-12-29T11:25:44","guid":{"rendered":"https:\/\/elnesry.com\/?post_type=product&#038;p=10627"},"modified":"2025-10-16T22:31:39","modified_gmt":"2025-10-16T21:31:39","slug":"robe-vintage-en-laine-brique","status":"publish","type":"product","link":"https:\/\/elnesry.com\/fr\/store\/robe-vintage-en-laine-brique\/","title":{"rendered":"Robe Vintage En Laine -Brique-"},"content":{"rendered":"<p style=\"text-align: left\">\u00a0Robe hivernale cousue dans un tissu tr\u00e8s doux et chaud. Avec sa coupe droite et ses manches bouffantes, elle va vous apporter un look tr\u00e8s \u00e9l\u00e9gant et une sensation tr\u00e8s douce et confortable.<br \/>\nDisponible en 5 couleurs (Camel; bleu p\u00e9trole, saumon, brique et Vert Olive) et en toutes tailles.<\/p>","protected":false},"excerpt":{"rendered":"<p>\u00a0Robe hivernale cousue dans un tissu tr\u00e8s doux et chaud. Avec sa coupe droite et ses manches bouffantes, elle va<\/p>","protected":false},"featured_media":10899,"comment_status":"open","ping_status":"closed","template":"","meta":{"_acf_changed":false},"product_brand":[],"product_cat":[58],"product_tag":[],"class_list":{"0":"post-10627","1":"product","2":"type-product","3":"status-publish","4":"has-post-thumbnail","6":"product_cat-58","8":"first","9":"outofstock","10":"sale","11":"shipping-taxable","12":"purchasable","13":"product-type-variable"},"acf":[],"_links":{"self":[{"href":"https:\/\/elnesry.com\/fr\/wp-json\/wp\/v2\/product\/10627","targetHints":{"allow":["GET"]}}],"collection":[{"href":"https:\/\/elnesry.com\/fr\/wp-json\/wp\/v2\/product"}],"about":[{"href":"https:\/\/elnesry.com\/fr\/wp-json\/wp\/v2\/types\/product"}],"replies":[{"embeddable":true,"href":"https:\/\/elnesry.com\/fr\/wp-json\/wp\/v2\/comments?post=10627"}],"wp:featuredmedia":[{"embeddable":true,"href":"https:\/\/elnesry.com\/fr\/wp-json\/wp\/v2\/media\/10899"}],"wp:attachment":[{"href":"https:\/\/elnesry.com\/fr\/wp-json\/wp\/v2\/media?parent=10627"}],"wp:term":[{"taxonomy":"product_brand","embeddable":true,"href":"https:\/\/elnesry.com\/fr\/wp-json\/wp\/v2\/product_brand?post=10627"},{"taxonomy":"product_cat","embeddable":true,"href":"https:\/\/elnesry.com\/fr\/wp-json\/wp\/v2\/product_cat?post=10627"},{"taxonomy":"product_tag","embeddable":true,"href":"https:\/\/elnesry.com\/fr\/wp-json\/wp\/v2\/product_tag?post=10627"}],"curies":[{"name":"wp","href":"https:\/\/api.w.org\/{rel}","templated":true}]}}