{"id":11250,"date":"2023-03-07T17:52:42","date_gmt":"2023-03-07T16:52:42","guid":{"rendered":"https:\/\/elnesry.com\/?post_type=product&#038;p=11250"},"modified":"2025-10-16T22:22:30","modified_gmt":"2025-10-16T21:22:30","slug":"%d8%b9%d8%a8%d8%a7%d9%8a%d8%a9-%d8%b1%d9%85%d8%b6%d8%a7%d9%86","status":"publish","type":"product","link":"https:\/\/elnesry.com\/fr\/store\/%d8%b9%d8%a8%d8%a7%d9%8a%d8%a9-%d8%b1%d9%85%d8%b6%d8%a7%d9%86\/","title":{"rendered":"\u0639\u0628\u0627\u064a\u0629 \u0631\u0645\u0636\u0627\u0646"},"content":{"rendered":"<p>Cr\u00e9e pour les femmes \u00e0 la recherche d&#8217;une tenue \u00e9l\u00e9gante et mastoura pour tous les jours ou occasionnellement.<br \/>\nCoupe larges et manches \u00e9vas\u00e9es avec des d\u00e9tails en galant chic u niveau des poignets et tout le long de l&#8217;Abaya. Possibilit\u00e9 de la porter avec son foulard.<\/p>","protected":false},"excerpt":{"rendered":"<p>Cr\u00e9e pour les femmes \u00e0 la recherche d&#8217;une tenue \u00e9l\u00e9gante et mastoura pour tous les jours ou occasionnellement. Coupe larges<\/p>","protected":false},"featured_media":11251,"comment_status":"open","ping_status":"closed","template":"","meta":{"_acf_changed":false},"product_brand":[],"product_cat":[53],"product_tag":[],"class_list":{"0":"post-11250","1":"product","2":"type-product","3":"status-publish","4":"has-post-thumbnail","6":"product_cat-53","8":"first","9":"outofstock","10":"shipping-taxable","11":"purchasable","12":"product-type-variable"},"acf":[],"_links":{"self":[{"href":"https:\/\/elnesry.com\/fr\/wp-json\/wp\/v2\/product\/11250","targetHints":{"allow":["GET"]}}],"collection":[{"href":"https:\/\/elnesry.com\/fr\/wp-json\/wp\/v2\/product"}],"about":[{"href":"https:\/\/elnesry.com\/fr\/wp-json\/wp\/v2\/types\/product"}],"replies":[{"embeddable":true,"href":"https:\/\/elnesry.com\/fr\/wp-json\/wp\/v2\/comments?post=11250"}],"wp:featuredmedia":[{"embeddable":true,"href":"https:\/\/elnesry.com\/fr\/wp-json\/wp\/v2\/media\/11251"}],"wp:attachment":[{"href":"https:\/\/elnesry.com\/fr\/wp-json\/wp\/v2\/media?parent=11250"}],"wp:term":[{"taxonomy":"product_brand","embeddable":true,"href":"https:\/\/elnesry.com\/fr\/wp-json\/wp\/v2\/product_brand?post=11250"},{"taxonomy":"product_cat","embeddable":true,"href":"https:\/\/elnesry.com\/fr\/wp-json\/wp\/v2\/product_cat?post=11250"},{"taxonomy":"product_tag","embeddable":true,"href":"https:\/\/elnesry.com\/fr\/wp-json\/wp\/v2\/product_tag?post=11250"}],"curies":[{"name":"wp","href":"https:\/\/api.w.org\/{rel}","templated":true}]}}