{"id":11293,"date":"2023-03-07T18:19:15","date_gmt":"2023-03-07T17:19:15","guid":{"rendered":"https:\/\/elnesry.com\/?post_type=product&#038;p=11293"},"modified":"2025-10-16T22:21:55","modified_gmt":"2025-10-16T21:21:55","slug":"%d8%ad%d8%ac%d8%a7%d8%a8-%d8%b1%d9%85%d8%b6%d8%a7%d9%86","status":"publish","type":"product","link":"https:\/\/elnesry.com\/fr\/store\/%d8%ad%d8%ac%d8%a7%d8%a8-%d8%b1%d9%85%d8%b6%d8%a7%d9%86\/","title":{"rendered":"\u062d\u062c\u0627\u0628 \u0631\u0645\u0636\u0627\u0646"},"content":{"rendered":"<p>Hijab simple et raffin\u00e9 qui se d\u00e9marque avec un galant fin et des poignets r\u00e9versibles.<br \/>\nVous pouvez l&#8217;avoir avec son propre foulard qui est orn\u00e9 avec le m\u00eame galant.<\/p>","protected":false},"excerpt":{"rendered":"<p>Hijab simple et raffin\u00e9 qui se d\u00e9marque avec un galant fin et des poignets r\u00e9versibles. Vous pouvez l&#8217;avoir avec son<\/p>","protected":false},"featured_media":11317,"comment_status":"open","ping_status":"closed","template":"","meta":{"_acf_changed":false},"product_brand":[],"product_cat":[53],"product_tag":[],"class_list":{"0":"post-11293","1":"product","2":"type-product","3":"status-publish","4":"has-post-thumbnail","6":"product_cat-53","8":"first","9":"outofstock","10":"shipping-taxable","11":"purchasable","12":"product-type-variable"},"acf":[],"_links":{"self":[{"href":"https:\/\/elnesry.com\/fr\/wp-json\/wp\/v2\/product\/11293","targetHints":{"allow":["GET"]}}],"collection":[{"href":"https:\/\/elnesry.com\/fr\/wp-json\/wp\/v2\/product"}],"about":[{"href":"https:\/\/elnesry.com\/fr\/wp-json\/wp\/v2\/types\/product"}],"replies":[{"embeddable":true,"href":"https:\/\/elnesry.com\/fr\/wp-json\/wp\/v2\/comments?post=11293"}],"wp:featuredmedia":[{"embeddable":true,"href":"https:\/\/elnesry.com\/fr\/wp-json\/wp\/v2\/media\/11317"}],"wp:attachment":[{"href":"https:\/\/elnesry.com\/fr\/wp-json\/wp\/v2\/media?parent=11293"}],"wp:term":[{"taxonomy":"product_brand","embeddable":true,"href":"https:\/\/elnesry.com\/fr\/wp-json\/wp\/v2\/product_brand?post=11293"},{"taxonomy":"product_cat","embeddable":true,"href":"https:\/\/elnesry.com\/fr\/wp-json\/wp\/v2\/product_cat?post=11293"},{"taxonomy":"product_tag","embeddable":true,"href":"https:\/\/elnesry.com\/fr\/wp-json\/wp\/v2\/product_tag?post=11293"}],"curies":[{"name":"wp","href":"https:\/\/api.w.org\/{rel}","templated":true}]}}