{"id":11330,"date":"2023-03-07T18:35:38","date_gmt":"2023-03-07T17:35:38","guid":{"rendered":"https:\/\/elnesry.com\/?post_type=product&#038;p=11330"},"modified":"2025-10-16T22:21:42","modified_gmt":"2025-10-16T21:21:42","slug":"%d8%b9%d8%a8%d8%a7%d9%8a%d8%a9-%d8%b4%d9%81%d9%82","status":"publish","type":"product","link":"https:\/\/elnesry.com\/fr\/store\/%d8%b9%d8%a8%d8%a7%d9%8a%d8%a9-%d8%b4%d9%81%d9%82\/","title":{"rendered":"\u0639\u0628\u0627\u064a\u0629 \u0634\u0641\u0642"},"content":{"rendered":"<p>Abaya simple et id\u00e9ale pour tous les jours, avec sa coupe droite et ses d\u00e9tails en galant au niveau des poignets et de la poitrine, elle va vous apporter un look chic et \u00e9l\u00e9gant a votre quotidien.<\/p>","protected":false},"excerpt":{"rendered":"<p>Abaya simple et id\u00e9ale pour tous les jours, avec sa coupe droite et ses d\u00e9tails en galant au niveau des<\/p>","protected":false},"featured_media":11338,"comment_status":"open","ping_status":"closed","template":"","meta":{"_acf_changed":false},"product_brand":[],"product_cat":[53],"product_tag":[],"class_list":{"0":"post-11330","1":"product","2":"type-product","3":"status-publish","4":"has-post-thumbnail","6":"product_cat-53","8":"first","9":"outofstock","10":"shipping-taxable","11":"purchasable","12":"product-type-variable"},"acf":[],"_links":{"self":[{"href":"https:\/\/elnesry.com\/fr\/wp-json\/wp\/v2\/product\/11330","targetHints":{"allow":["GET"]}}],"collection":[{"href":"https:\/\/elnesry.com\/fr\/wp-json\/wp\/v2\/product"}],"about":[{"href":"https:\/\/elnesry.com\/fr\/wp-json\/wp\/v2\/types\/product"}],"replies":[{"embeddable":true,"href":"https:\/\/elnesry.com\/fr\/wp-json\/wp\/v2\/comments?post=11330"}],"wp:featuredmedia":[{"embeddable":true,"href":"https:\/\/elnesry.com\/fr\/wp-json\/wp\/v2\/media\/11338"}],"wp:attachment":[{"href":"https:\/\/elnesry.com\/fr\/wp-json\/wp\/v2\/media?parent=11330"}],"wp:term":[{"taxonomy":"product_brand","embeddable":true,"href":"https:\/\/elnesry.com\/fr\/wp-json\/wp\/v2\/product_brand?post=11330"},{"taxonomy":"product_cat","embeddable":true,"href":"https:\/\/elnesry.com\/fr\/wp-json\/wp\/v2\/product_cat?post=11330"},{"taxonomy":"product_tag","embeddable":true,"href":"https:\/\/elnesry.com\/fr\/wp-json\/wp\/v2\/product_tag?post=11330"}],"curies":[{"name":"wp","href":"https:\/\/api.w.org\/{rel}","templated":true}]}}