{"id":11340,"date":"2023-03-07T18:40:51","date_gmt":"2023-03-07T17:40:51","guid":{"rendered":"https:\/\/elnesry.com\/?post_type=product&#038;p=11340"},"modified":"2023-12-15T10:08:33","modified_gmt":"2023-12-15T09:08:33","slug":"%d8%b9%d8%a8%d8%a7%d9%8a%d8%a9-%d8%a8%d8%af%d8%b1","status":"publish","type":"product","link":"https:\/\/elnesry.com\/fr\/store\/%d8%b9%d8%a8%d8%a7%d9%8a%d8%a9-%d8%a8%d8%af%d8%b1\/","title":{"rendered":"\u0639\u0628\u0627\u064a\u0629 \u0628\u062f\u0631"},"content":{"rendered":"<p>Une Abaya parfaite en toutes occasions, comme pour l&#8217;A\u00efd ;vos soir\u00e9es ramadanesques ou votre quotidien.<br \/>\nGr\u00e2ce \u00e0 sa coupe large et ses manches \u00e9vas\u00e9es,cette Abaya vous emportera une sensation de confort et de l\u00e9g\u00e8ret\u00e9.<\/p>","protected":false},"excerpt":{"rendered":"<p>Une Abaya parfaite en toutes occasions, comme pour l&#8217;A\u00efd ;vos soir\u00e9es ramadanesques ou votre quotidien. Gr\u00e2ce \u00e0 sa coupe large<\/p>","protected":false},"featured_media":11348,"comment_status":"open","ping_status":"closed","template":"","meta":{"_acf_changed":false},"product_brand":[],"product_cat":[53],"product_tag":[],"class_list":{"0":"post-11340","1":"product","2":"type-product","3":"status-publish","4":"has-post-thumbnail","6":"product_cat-53","8":"first","9":"outofstock","10":"shipping-taxable","11":"purchasable","12":"product-type-variable"},"acf":[],"_links":{"self":[{"href":"https:\/\/elnesry.com\/fr\/wp-json\/wp\/v2\/product\/11340","targetHints":{"allow":["GET"]}}],"collection":[{"href":"https:\/\/elnesry.com\/fr\/wp-json\/wp\/v2\/product"}],"about":[{"href":"https:\/\/elnesry.com\/fr\/wp-json\/wp\/v2\/types\/product"}],"replies":[{"embeddable":true,"href":"https:\/\/elnesry.com\/fr\/wp-json\/wp\/v2\/comments?post=11340"}],"wp:featuredmedia":[{"embeddable":true,"href":"https:\/\/elnesry.com\/fr\/wp-json\/wp\/v2\/media\/11348"}],"wp:attachment":[{"href":"https:\/\/elnesry.com\/fr\/wp-json\/wp\/v2\/media?parent=11340"}],"wp:term":[{"taxonomy":"product_brand","embeddable":true,"href":"https:\/\/elnesry.com\/fr\/wp-json\/wp\/v2\/product_brand?post=11340"},{"taxonomy":"product_cat","embeddable":true,"href":"https:\/\/elnesry.com\/fr\/wp-json\/wp\/v2\/product_cat?post=11340"},{"taxonomy":"product_tag","embeddable":true,"href":"https:\/\/elnesry.com\/fr\/wp-json\/wp\/v2\/product_tag?post=11340"}],"curies":[{"name":"wp","href":"https:\/\/api.w.org\/{rel}","templated":true}]}}