{"id":11390,"date":"2023-03-07T19:26:02","date_gmt":"2023-03-07T18:26:02","guid":{"rendered":"https:\/\/elnesry.com\/?post_type=product&#038;p=11390"},"modified":"2023-12-15T10:07:42","modified_gmt":"2023-12-15T09:07:42","slug":"%d8%ae%d9%85%d8%a7%d8%b1-%d8%b1%d9%85%d8%b6%d8%a7%d9%86","status":"publish","type":"product","link":"https:\/\/elnesry.com\/fr\/store\/%d8%ae%d9%85%d8%a7%d8%b1-%d8%b1%d9%85%d8%b6%d8%a7%d9%86\/","title":{"rendered":"\u062e\u0645\u0627\u0631 \u0631\u0645\u0636\u0627\u0646"},"content":{"rendered":"<p>Foulard sp\u00e9cial pour la collection ramadanesque, orn\u00e9 d&#8217;un galant chic et raffin\u00e9.<br \/>\nDimensions : 170*75 cm<br \/>\nCouleurs : noir et beige <\/p>","protected":false},"excerpt":{"rendered":"<p>Foulard sp\u00e9cial pour la collection ramadanesque, orn\u00e9 d&#8217;un galant chic et raffin\u00e9. Dimensions : 170*75 cm Couleurs : noir et<\/p>","protected":false},"featured_media":11391,"comment_status":"open","ping_status":"closed","template":"","meta":{"_acf_changed":false},"product_brand":[],"product_cat":[66],"product_tag":[],"class_list":{"0":"post-11390","1":"product","2":"type-product","3":"status-publish","4":"has-post-thumbnail","6":"product_cat-66","8":"first","9":"instock","10":"shipping-taxable","11":"purchasable","12":"product-type-variable"},"acf":[],"_links":{"self":[{"href":"https:\/\/elnesry.com\/fr\/wp-json\/wp\/v2\/product\/11390","targetHints":{"allow":["GET"]}}],"collection":[{"href":"https:\/\/elnesry.com\/fr\/wp-json\/wp\/v2\/product"}],"about":[{"href":"https:\/\/elnesry.com\/fr\/wp-json\/wp\/v2\/types\/product"}],"replies":[{"embeddable":true,"href":"https:\/\/elnesry.com\/fr\/wp-json\/wp\/v2\/comments?post=11390"}],"wp:featuredmedia":[{"embeddable":true,"href":"https:\/\/elnesry.com\/fr\/wp-json\/wp\/v2\/media\/11391"}],"wp:attachment":[{"href":"https:\/\/elnesry.com\/fr\/wp-json\/wp\/v2\/media?parent=11390"}],"wp:term":[{"taxonomy":"product_brand","embeddable":true,"href":"https:\/\/elnesry.com\/fr\/wp-json\/wp\/v2\/product_brand?post=11390"},{"taxonomy":"product_cat","embeddable":true,"href":"https:\/\/elnesry.com\/fr\/wp-json\/wp\/v2\/product_cat?post=11390"},{"taxonomy":"product_tag","embeddable":true,"href":"https:\/\/elnesry.com\/fr\/wp-json\/wp\/v2\/product_tag?post=11390"}],"curies":[{"name":"wp","href":"https:\/\/api.w.org\/{rel}","templated":true}]}}