{"id":11707,"date":"2023-03-17T15:03:36","date_gmt":"2023-03-17T14:03:36","guid":{"rendered":"https:\/\/elnesry.com\/?post_type=product&#038;p=11707"},"modified":"2025-10-16T22:20:51","modified_gmt":"2025-10-16T21:20:51","slug":"%d8%ad%d8%ac%d8%a7%d8%a8-%d8%a7%d9%84%d8%b5%d9%84%d8%a7%d8%a9","status":"publish","type":"product","link":"https:\/\/elnesry.com\/fr\/store\/%d8%ad%d8%ac%d8%a7%d8%a8-%d8%a7%d9%84%d8%b5%d9%84%d8%a7%d8%a9\/","title":{"rendered":"\u062d\u062c\u0627\u0628 \u0627\u0644\u0635\u0644\u0627\u0629"},"content":{"rendered":"<p>Ensemble Sal\u00e2t compos\u00e9 d&#8217;un hijab ultra large et oversized avec un foulard. Cousu dans un tissu fluide et opaque (cr\u00eape Abaya). Orn\u00e9 d&#8217;un d\u00e9tail en galon tout en long du hijab, manches l\u00e9g\u00e8rement bouffantes serr\u00e9es au niveau des poignets.<br \/>\nDisponible en 3 couleurs (noir\/vert\/aubergine).<\/p>","protected":false},"excerpt":{"rendered":"<p>Ensemble Sal\u00e2t compos\u00e9 d&#8217;un hijab ultra large et oversized avec un foulard. Cousu dans un tissu fluide et opaque (cr\u00eape<\/p>","protected":false},"featured_media":11708,"comment_status":"open","ping_status":"closed","template":"","meta":{"_acf_changed":false},"product_brand":[],"product_cat":[75,53],"product_tag":[],"class_list":{"0":"post-11707","1":"product","2":"type-product","3":"status-publish","4":"has-post-thumbnail","6":"product_cat-75","7":"product_cat-53","9":"first","10":"outofstock","11":"shipping-taxable","12":"purchasable","13":"product-type-variable"},"acf":[],"_links":{"self":[{"href":"https:\/\/elnesry.com\/fr\/wp-json\/wp\/v2\/product\/11707","targetHints":{"allow":["GET"]}}],"collection":[{"href":"https:\/\/elnesry.com\/fr\/wp-json\/wp\/v2\/product"}],"about":[{"href":"https:\/\/elnesry.com\/fr\/wp-json\/wp\/v2\/types\/product"}],"replies":[{"embeddable":true,"href":"https:\/\/elnesry.com\/fr\/wp-json\/wp\/v2\/comments?post=11707"}],"wp:featuredmedia":[{"embeddable":true,"href":"https:\/\/elnesry.com\/fr\/wp-json\/wp\/v2\/media\/11708"}],"wp:attachment":[{"href":"https:\/\/elnesry.com\/fr\/wp-json\/wp\/v2\/media?parent=11707"}],"wp:term":[{"taxonomy":"product_brand","embeddable":true,"href":"https:\/\/elnesry.com\/fr\/wp-json\/wp\/v2\/product_brand?post=11707"},{"taxonomy":"product_cat","embeddable":true,"href":"https:\/\/elnesry.com\/fr\/wp-json\/wp\/v2\/product_cat?post=11707"},{"taxonomy":"product_tag","embeddable":true,"href":"https:\/\/elnesry.com\/fr\/wp-json\/wp\/v2\/product_tag?post=11707"}],"curies":[{"name":"wp","href":"https:\/\/api.w.org\/{rel}","templated":true}]}}