{"id":12499,"date":"2023-04-14T17:09:19","date_gmt":"2023-04-14T16:09:19","guid":{"rendered":"https:\/\/elnesry.com\/?post_type=product&#038;p=12499"},"modified":"2025-10-16T22:20:00","modified_gmt":"2025-10-16T21:20:00","slug":"%d8%b7%d9%82%d9%85-%d8%a7%d9%84%d8%ad%d8%b1%d9%8a%d8%b1","status":"publish","type":"product","link":"https:\/\/elnesry.com\/fr\/store\/%d8%b7%d9%82%d9%85-%d8%a7%d9%84%d8%ad%d8%b1%d9%8a%d8%b1\/","title":{"rendered":"\u0637\u0642\u0645 \u0627\u0644\u062d\u0631\u064a\u0631"},"content":{"rendered":"<p>Un ensemble tr\u00e8s chic et \u00e9l\u00e9gant qui peut \u00eatre port\u00e9 en toutes vos occasions y compris l&#8217;A\u00efd qui approche.<br \/>\nCompos\u00e9 d&#8217;une robe florale en soie imprim\u00e9e tr\u00e8s douce et fluide, et une Abaya qui peut \u00eatre port\u00e9 ouverte comme ferm\u00e9e, cousue dans un tissu d&#8217;Abaya et orn\u00e9e de d\u00e9tails en soie constituant la robe au niveau des manche extra-larges.<br \/>\nDisponible en 3 couleurs (vert-gris-beige)<\/p>","protected":false},"excerpt":{"rendered":"<p>Un ensemble tr\u00e8s chic et \u00e9l\u00e9gant qui peut \u00eatre port\u00e9 en toutes vos occasions y compris l&#8217;A\u00efd qui approche. Compos\u00e9<\/p>","protected":false},"featured_media":12501,"comment_status":"open","ping_status":"closed","template":"","meta":{"_acf_changed":false},"product_brand":[],"product_cat":[54],"product_tag":[],"class_list":{"0":"post-12499","1":"product","2":"type-product","3":"status-publish","4":"has-post-thumbnail","6":"product_cat-54","8":"first","9":"outofstock","10":"shipping-taxable","11":"purchasable","12":"product-type-variable"},"acf":[],"_links":{"self":[{"href":"https:\/\/elnesry.com\/fr\/wp-json\/wp\/v2\/product\/12499","targetHints":{"allow":["GET"]}}],"collection":[{"href":"https:\/\/elnesry.com\/fr\/wp-json\/wp\/v2\/product"}],"about":[{"href":"https:\/\/elnesry.com\/fr\/wp-json\/wp\/v2\/types\/product"}],"replies":[{"embeddable":true,"href":"https:\/\/elnesry.com\/fr\/wp-json\/wp\/v2\/comments?post=12499"}],"wp:featuredmedia":[{"embeddable":true,"href":"https:\/\/elnesry.com\/fr\/wp-json\/wp\/v2\/media\/12501"}],"wp:attachment":[{"href":"https:\/\/elnesry.com\/fr\/wp-json\/wp\/v2\/media?parent=12499"}],"wp:term":[{"taxonomy":"product_brand","embeddable":true,"href":"https:\/\/elnesry.com\/fr\/wp-json\/wp\/v2\/product_brand?post=12499"},{"taxonomy":"product_cat","embeddable":true,"href":"https:\/\/elnesry.com\/fr\/wp-json\/wp\/v2\/product_cat?post=12499"},{"taxonomy":"product_tag","embeddable":true,"href":"https:\/\/elnesry.com\/fr\/wp-json\/wp\/v2\/product_tag?post=12499"}],"curies":[{"name":"wp","href":"https:\/\/api.w.org\/{rel}","templated":true}]}}