{"id":12524,"date":"2023-04-14T17:31:46","date_gmt":"2023-04-14T16:31:46","guid":{"rendered":"https:\/\/elnesry.com\/?post_type=product&#038;p=12524"},"modified":"2025-10-16T22:17:42","modified_gmt":"2025-10-16T21:17:42","slug":"%d9%81%d8%b3%d8%aa%d8%a7%d9%86-%d8%a7%d9%84%d8%a3%d9%85%d9%8a%d8%b1%d8%a9-%d8%a7%d8%ae%d8%b6%d8%b1","status":"publish","type":"product","link":"https:\/\/elnesry.com\/fr\/store\/%d9%81%d8%b3%d8%aa%d8%a7%d9%86-%d8%a7%d9%84%d8%a3%d9%85%d9%8a%d8%b1%d8%a9-%d8%a7%d8%ae%d8%b6%d8%b1\/","title":{"rendered":"\u0641\u0633\u062a\u0627\u0646 \u0627\u0644\u0623\u0645\u064a\u0631\u0629 -\u0627\u062e\u0636\u0631"},"content":{"rendered":"<p>Une robe florale sublime et \u00e9l\u00e9gante, cousue dans un tissu fluide et l\u00e9ger de soie imprim\u00e9e, avec une coupe \u00e9vas\u00e9e.<br \/>\nDisponible en 4 couleurs (vert &#8211; jaune &#8211; bleu &#8211; Camel).<\/p>","protected":false},"excerpt":{"rendered":"<p>Une robe florale sublime et \u00e9l\u00e9gante, cousue dans un tissu fluide et l\u00e9ger de soie imprim\u00e9e, avec une coupe \u00e9vas\u00e9e.<\/p>","protected":false},"featured_media":12515,"comment_status":"open","ping_status":"closed","template":"","meta":{"_acf_changed":false},"product_brand":[],"product_cat":[58],"product_tag":[],"class_list":{"0":"post-12524","1":"product","2":"type-product","3":"status-publish","4":"has-post-thumbnail","6":"product_cat-58","8":"first","9":"outofstock","10":"shipping-taxable","11":"purchasable","12":"product-type-variable"},"acf":[],"_links":{"self":[{"href":"https:\/\/elnesry.com\/fr\/wp-json\/wp\/v2\/product\/12524","targetHints":{"allow":["GET"]}}],"collection":[{"href":"https:\/\/elnesry.com\/fr\/wp-json\/wp\/v2\/product"}],"about":[{"href":"https:\/\/elnesry.com\/fr\/wp-json\/wp\/v2\/types\/product"}],"replies":[{"embeddable":true,"href":"https:\/\/elnesry.com\/fr\/wp-json\/wp\/v2\/comments?post=12524"}],"wp:featuredmedia":[{"embeddable":true,"href":"https:\/\/elnesry.com\/fr\/wp-json\/wp\/v2\/media\/12515"}],"wp:attachment":[{"href":"https:\/\/elnesry.com\/fr\/wp-json\/wp\/v2\/media?parent=12524"}],"wp:term":[{"taxonomy":"product_brand","embeddable":true,"href":"https:\/\/elnesry.com\/fr\/wp-json\/wp\/v2\/product_brand?post=12524"},{"taxonomy":"product_cat","embeddable":true,"href":"https:\/\/elnesry.com\/fr\/wp-json\/wp\/v2\/product_cat?post=12524"},{"taxonomy":"product_tag","embeddable":true,"href":"https:\/\/elnesry.com\/fr\/wp-json\/wp\/v2\/product_tag?post=12524"}],"curies":[{"name":"wp","href":"https:\/\/api.w.org\/{rel}","templated":true}]}}