{"id":12536,"date":"2023-04-14T17:47:25","date_gmt":"2023-04-14T16:47:25","guid":{"rendered":"https:\/\/elnesry.com\/?post_type=product&#038;p=12536"},"modified":"2025-10-16T22:18:09","modified_gmt":"2025-10-16T21:18:09","slug":"%d8%b9%d8%a8%d8%a7%d9%8a%d8%a9-%d9%84%d8%a4%d9%84%d8%a4%d8%a9","status":"publish","type":"product","link":"https:\/\/elnesry.com\/fr\/store\/%d8%b9%d8%a8%d8%a7%d9%8a%d8%a9-%d9%84%d8%a4%d9%84%d8%a4%d8%a9\/","title":{"rendered":"\u0639\u0628\u0627\u064a\u0629 \u0644\u0624\u0644\u0624\u0629"},"content":{"rendered":"<p>Pour toutes celles qui recherchent une Abaya sobre et classe, Abaya \u0644\u0624\u0644\u0624\u0629 vous apporte de l&#8217;\u00e9l\u00e9gance raffin\u00e9 avec ses perles pos\u00e9es d\u00e9licatement a la main au niveau des poignets.<br \/>\nConfectionn\u00e9e dans un tissu fluide et dense \u00e0 la fois, chic et \u00e9l\u00e9gant et surtout ultra confortable.<br \/>\nDisponible en une seule couleur.<\/p>","protected":false},"excerpt":{"rendered":"<p>Pour toutes celles qui recherchent une Abaya sobre et classe, Abaya \u0644\u0624\u0644\u0624\u0629 vous apporte de l&#8217;\u00e9l\u00e9gance raffin\u00e9 avec ses perles<\/p>","protected":false},"featured_media":12678,"comment_status":"open","ping_status":"closed","template":"","meta":{"_acf_changed":false},"product_brand":[],"product_cat":[53],"product_tag":[],"class_list":{"0":"post-12536","1":"product","2":"type-product","3":"status-publish","4":"has-post-thumbnail","6":"product_cat-53","8":"first","9":"outofstock","10":"shipping-taxable","11":"purchasable","12":"product-type-variable"},"acf":[],"_links":{"self":[{"href":"https:\/\/elnesry.com\/fr\/wp-json\/wp\/v2\/product\/12536","targetHints":{"allow":["GET"]}}],"collection":[{"href":"https:\/\/elnesry.com\/fr\/wp-json\/wp\/v2\/product"}],"about":[{"href":"https:\/\/elnesry.com\/fr\/wp-json\/wp\/v2\/types\/product"}],"replies":[{"embeddable":true,"href":"https:\/\/elnesry.com\/fr\/wp-json\/wp\/v2\/comments?post=12536"}],"wp:featuredmedia":[{"embeddable":true,"href":"https:\/\/elnesry.com\/fr\/wp-json\/wp\/v2\/media\/12678"}],"wp:attachment":[{"href":"https:\/\/elnesry.com\/fr\/wp-json\/wp\/v2\/media?parent=12536"}],"wp:term":[{"taxonomy":"product_brand","embeddable":true,"href":"https:\/\/elnesry.com\/fr\/wp-json\/wp\/v2\/product_brand?post=12536"},{"taxonomy":"product_cat","embeddable":true,"href":"https:\/\/elnesry.com\/fr\/wp-json\/wp\/v2\/product_cat?post=12536"},{"taxonomy":"product_tag","embeddable":true,"href":"https:\/\/elnesry.com\/fr\/wp-json\/wp\/v2\/product_tag?post=12536"}],"curies":[{"name":"wp","href":"https:\/\/api.w.org\/{rel}","templated":true}]}}