{"id":12541,"date":"2023-04-14T17:49:28","date_gmt":"2023-04-14T16:49:28","guid":{"rendered":"https:\/\/elnesry.com\/?post_type=product&#038;p=12541"},"modified":"2025-10-16T22:18:18","modified_gmt":"2025-10-16T21:18:18","slug":"%d8%b9%d8%a8%d8%a7%d9%8a%d8%a9-%d8%a7%d9%84%d8%b4%d9%8a%d8%ae%d8%a9","status":"publish","type":"product","link":"https:\/\/elnesry.com\/fr\/store\/%d8%b9%d8%a8%d8%a7%d9%8a%d8%a9-%d8%a7%d9%84%d8%b4%d9%8a%d8%ae%d8%a9\/","title":{"rendered":"\u0639\u0628\u0627\u064a\u0629 \u0627\u0644\u0634\u064a\u062e\u0629"},"content":{"rendered":"<p>Abaya chic et \u00e9l\u00e9gante, cousu dans un tissu fluide et opaque.<br \/>\nAvec la coupe de ses manche extra-larges et une liser\u00e9 en strass au niveau des poignets, Abaya \u0627\u0644\u0634\u064a\u062e\u0629 vous apporte un look tr\u00e8s classe a vos \u00e9v\u00e9nements.<br \/>\nDisponible en une seule couleur.<\/p>","protected":false},"excerpt":{"rendered":"<p>Abaya chic et \u00e9l\u00e9gante, cousu dans un tissu fluide et opaque. Avec la coupe de ses manche extra-larges et une<\/p>","protected":false},"featured_media":12671,"comment_status":"open","ping_status":"closed","template":"","meta":{"_acf_changed":false},"product_brand":[],"product_cat":[53],"product_tag":[],"class_list":{"0":"post-12541","1":"product","2":"type-product","3":"status-publish","4":"has-post-thumbnail","6":"product_cat-53","8":"first","9":"outofstock","10":"shipping-taxable","11":"purchasable","12":"product-type-variable"},"acf":[],"_links":{"self":[{"href":"https:\/\/elnesry.com\/fr\/wp-json\/wp\/v2\/product\/12541","targetHints":{"allow":["GET"]}}],"collection":[{"href":"https:\/\/elnesry.com\/fr\/wp-json\/wp\/v2\/product"}],"about":[{"href":"https:\/\/elnesry.com\/fr\/wp-json\/wp\/v2\/types\/product"}],"replies":[{"embeddable":true,"href":"https:\/\/elnesry.com\/fr\/wp-json\/wp\/v2\/comments?post=12541"}],"wp:featuredmedia":[{"embeddable":true,"href":"https:\/\/elnesry.com\/fr\/wp-json\/wp\/v2\/media\/12671"}],"wp:attachment":[{"href":"https:\/\/elnesry.com\/fr\/wp-json\/wp\/v2\/media?parent=12541"}],"wp:term":[{"taxonomy":"product_brand","embeddable":true,"href":"https:\/\/elnesry.com\/fr\/wp-json\/wp\/v2\/product_brand?post=12541"},{"taxonomy":"product_cat","embeddable":true,"href":"https:\/\/elnesry.com\/fr\/wp-json\/wp\/v2\/product_cat?post=12541"},{"taxonomy":"product_tag","embeddable":true,"href":"https:\/\/elnesry.com\/fr\/wp-json\/wp\/v2\/product_tag?post=12541"}],"curies":[{"name":"wp","href":"https:\/\/api.w.org\/{rel}","templated":true}]}}