{"id":12545,"date":"2023-04-14T17:53:54","date_gmt":"2023-04-14T16:53:54","guid":{"rendered":"https:\/\/elnesry.com\/?post_type=product&#038;p=12545"},"modified":"2023-12-15T08:35:39","modified_gmt":"2023-12-15T07:35:39","slug":"%d8%b9%d8%a8%d8%a7%d9%8a%d8%a9-%d8%a7%d9%84%d8%a3%d9%86%d9%8a%d9%82%d8%a9","status":"publish","type":"product","link":"https:\/\/elnesry.com\/fr\/store\/%d8%b9%d8%a8%d8%a7%d9%8a%d8%a9-%d8%a7%d9%84%d8%a3%d9%86%d9%8a%d9%82%d8%a9\/","title":{"rendered":"\u0639\u0628\u0627\u064a\u0629 \u0627\u0644\u0623\u0646\u064a\u0642\u0629"},"content":{"rendered":"<p>Optez pour une sublime Abya pour l&#8217;A\u00efd ou toutes autres occasions, Abaya \u0627\u0644\u0623\u0646\u064a\u0642\u0629 qui se d\u00e9crit vous offre ce look incontournable. Avec ses manches extra-larges et l&#8217;empi\u00e8cement en tulle strass\u00e9e au niveau des poignets, cette Abaya est l&#8217;\u00e9lu de vos \u00e9v\u00e9nements<br \/>\nDisponible en une seule couleur.<\/p>","protected":false},"excerpt":{"rendered":"<p>Optez pour une sublime Abya pour l&#8217;A\u00efd ou toutes autres occasions, Abaya \u0627\u0644\u0623\u0646\u064a\u0642\u0629 qui se d\u00e9crit vous offre ce look<\/p>","protected":false},"featured_media":12674,"comment_status":"open","ping_status":"closed","template":"","meta":{"_acf_changed":false},"product_brand":[],"product_cat":[53],"product_tag":[],"class_list":{"0":"post-12545","1":"product","2":"type-product","3":"status-publish","4":"has-post-thumbnail","6":"product_cat-53","8":"first","9":"outofstock","10":"shipping-taxable","11":"purchasable","12":"product-type-variable"},"acf":[],"_links":{"self":[{"href":"https:\/\/elnesry.com\/fr\/wp-json\/wp\/v2\/product\/12545","targetHints":{"allow":["GET"]}}],"collection":[{"href":"https:\/\/elnesry.com\/fr\/wp-json\/wp\/v2\/product"}],"about":[{"href":"https:\/\/elnesry.com\/fr\/wp-json\/wp\/v2\/types\/product"}],"replies":[{"embeddable":true,"href":"https:\/\/elnesry.com\/fr\/wp-json\/wp\/v2\/comments?post=12545"}],"wp:featuredmedia":[{"embeddable":true,"href":"https:\/\/elnesry.com\/fr\/wp-json\/wp\/v2\/media\/12674"}],"wp:attachment":[{"href":"https:\/\/elnesry.com\/fr\/wp-json\/wp\/v2\/media?parent=12545"}],"wp:term":[{"taxonomy":"product_brand","embeddable":true,"href":"https:\/\/elnesry.com\/fr\/wp-json\/wp\/v2\/product_brand?post=12545"},{"taxonomy":"product_cat","embeddable":true,"href":"https:\/\/elnesry.com\/fr\/wp-json\/wp\/v2\/product_cat?post=12545"},{"taxonomy":"product_tag","embeddable":true,"href":"https:\/\/elnesry.com\/fr\/wp-json\/wp\/v2\/product_tag?post=12545"}],"curies":[{"name":"wp","href":"https:\/\/api.w.org\/{rel}","templated":true}]}}