{"id":13189,"date":"2023-06-02T12:00:25","date_gmt":"2023-06-02T11:00:25","guid":{"rendered":"https:\/\/elnesry.com\/?post_type=product&#038;p=13189"},"modified":"2025-05-03T11:06:13","modified_gmt":"2025-05-03T10:06:13","slug":"%d8%b9%d8%a8%d8%a7%d9%8a%d8%a9-%d8%b4%d8%ba%d9%81-%d8%a3%d8%ae%d8%b6%d8%b1","status":"publish","type":"product","link":"https:\/\/elnesry.com\/fr\/store\/%d8%b9%d8%a8%d8%a7%d9%8a%d8%a9-%d8%b4%d8%ba%d9%81-%d8%a3%d8%ae%d8%b6%d8%b1\/","title":{"rendered":"-\u0639\u0628\u0627\u064a\u0629 \u0634\u063a\u0641 &#8211; \u0623\u062e\u0636\u0631"},"content":{"rendered":"<p>Magnifique Abaya, parfaite pour vos soir\u00e9es ramadanesques ou pour l&#8217;A\u00efd, \u00e9l\u00e9gante et raffin\u00e9e avec des manches larges ce qui vous permet d&#8217;\u00eatre confortable dans cet outfit.<\/p>","protected":false},"excerpt":{"rendered":"<p>Magnifique Abaya, parfaite pour vos soir\u00e9es ramadanesques ou pour l&#8217;A\u00efd, \u00e9l\u00e9gante et raffin\u00e9e avec des manches larges ce qui vous<\/p>","protected":false},"featured_media":13192,"comment_status":"open","ping_status":"closed","template":"","meta":{"_acf_changed":false},"product_brand":[],"product_cat":[53],"product_tag":[],"class_list":{"0":"post-13189","1":"product","2":"type-product","3":"status-publish","4":"has-post-thumbnail","6":"product_cat-53","8":"first","9":"outofstock","10":"shipping-taxable","11":"purchasable","12":"product-type-variable"},"acf":[],"_links":{"self":[{"href":"https:\/\/elnesry.com\/fr\/wp-json\/wp\/v2\/product\/13189","targetHints":{"allow":["GET"]}}],"collection":[{"href":"https:\/\/elnesry.com\/fr\/wp-json\/wp\/v2\/product"}],"about":[{"href":"https:\/\/elnesry.com\/fr\/wp-json\/wp\/v2\/types\/product"}],"replies":[{"embeddable":true,"href":"https:\/\/elnesry.com\/fr\/wp-json\/wp\/v2\/comments?post=13189"}],"wp:featuredmedia":[{"embeddable":true,"href":"https:\/\/elnesry.com\/fr\/wp-json\/wp\/v2\/media\/13192"}],"wp:attachment":[{"href":"https:\/\/elnesry.com\/fr\/wp-json\/wp\/v2\/media?parent=13189"}],"wp:term":[{"taxonomy":"product_brand","embeddable":true,"href":"https:\/\/elnesry.com\/fr\/wp-json\/wp\/v2\/product_brand?post=13189"},{"taxonomy":"product_cat","embeddable":true,"href":"https:\/\/elnesry.com\/fr\/wp-json\/wp\/v2\/product_cat?post=13189"},{"taxonomy":"product_tag","embeddable":true,"href":"https:\/\/elnesry.com\/fr\/wp-json\/wp\/v2\/product_tag?post=13189"}],"curies":[{"name":"wp","href":"https:\/\/api.w.org\/{rel}","templated":true}]}}