{"id":13265,"date":"2023-06-09T16:38:46","date_gmt":"2023-06-09T15:38:46","guid":{"rendered":"https:\/\/elnesry.com\/?post_type=product&#038;p=13265"},"modified":"2025-10-16T22:14:47","modified_gmt":"2025-10-16T21:14:47","slug":"jasmin-swimwear-bleu","status":"publish","type":"product","link":"https:\/\/elnesry.com\/fr\/store\/jasmin-swimwear-bleu\/","title":{"rendered":"Jasmin Swimwear -Bleu-"},"content":{"rendered":"<p>Un burkini must-have pour cet \u00e9t\u00e9, tissu imperm\u00e9able, une d\u00e9coupe large et modeste , tr\u00e8s pratique gr\u00e2ce \u00e0 la combinaison qui vient \u00e0 l\u2019int\u00e9rieur et la cagoule qui cache tout le cou.<\/p>","protected":false},"excerpt":{"rendered":"<p>Un burkini must-have pour cet \u00e9t\u00e9, tissu imperm\u00e9able, une d\u00e9coupe large et modeste , tr\u00e8s pratique gr\u00e2ce \u00e0 la combinaison<\/p>","protected":false},"featured_media":13274,"comment_status":"open","ping_status":"closed","template":"","meta":{"_acf_changed":false},"product_brand":[],"product_cat":[70],"product_tag":[],"class_list":{"0":"post-13265","1":"product","2":"type-product","3":"status-publish","4":"has-post-thumbnail","6":"product_cat-70","8":"first","9":"outofstock","10":"shipping-taxable","11":"purchasable","12":"product-type-variable"},"acf":[],"_links":{"self":[{"href":"https:\/\/elnesry.com\/fr\/wp-json\/wp\/v2\/product\/13265","targetHints":{"allow":["GET"]}}],"collection":[{"href":"https:\/\/elnesry.com\/fr\/wp-json\/wp\/v2\/product"}],"about":[{"href":"https:\/\/elnesry.com\/fr\/wp-json\/wp\/v2\/types\/product"}],"replies":[{"embeddable":true,"href":"https:\/\/elnesry.com\/fr\/wp-json\/wp\/v2\/comments?post=13265"}],"wp:featuredmedia":[{"embeddable":true,"href":"https:\/\/elnesry.com\/fr\/wp-json\/wp\/v2\/media\/13274"}],"wp:attachment":[{"href":"https:\/\/elnesry.com\/fr\/wp-json\/wp\/v2\/media?parent=13265"}],"wp:term":[{"taxonomy":"product_brand","embeddable":true,"href":"https:\/\/elnesry.com\/fr\/wp-json\/wp\/v2\/product_brand?post=13265"},{"taxonomy":"product_cat","embeddable":true,"href":"https:\/\/elnesry.com\/fr\/wp-json\/wp\/v2\/product_cat?post=13265"},{"taxonomy":"product_tag","embeddable":true,"href":"https:\/\/elnesry.com\/fr\/wp-json\/wp\/v2\/product_tag?post=13265"}],"curies":[{"name":"wp","href":"https:\/\/api.w.org\/{rel}","templated":true}]}}