{"id":13278,"date":"2023-06-09T16:44:22","date_gmt":"2023-06-09T15:44:22","guid":{"rendered":"https:\/\/elnesry.com\/?post_type=product&#038;p=13278"},"modified":"2025-06-01T11:04:34","modified_gmt":"2025-06-01T10:04:34","slug":"jasmin-swimwear-noir","status":"publish","type":"product","link":"https:\/\/elnesry.com\/fr\/store\/jasmin-swimwear-noir\/","title":{"rendered":"Jasmin Swimwear -Noir-"},"content":{"rendered":"<p>Un burkini must-have pour cet \u00e9t\u00e9, tissu imperm\u00e9able, une d\u00e9coupe large et modeste , tr\u00e8s pratique gr\u00e2ce \u00e0 la combinaison qui vient \u00e0 l\u2019int\u00e9rieur et la cagoule qui cache tout le cou.<\/p>","protected":false},"excerpt":{"rendered":"<p>Un burkini must-have pour cet \u00e9t\u00e9, tissu imperm\u00e9able, une d\u00e9coupe large et modeste , tr\u00e8s pratique gr\u00e2ce \u00e0 la combinaison<\/p>","protected":false},"featured_media":13266,"comment_status":"open","ping_status":"closed","template":"","meta":{"_acf_changed":false},"product_brand":[],"product_cat":[70],"product_tag":[],"class_list":{"0":"post-13278","1":"product","2":"type-product","3":"status-publish","4":"has-post-thumbnail","6":"product_cat-70","8":"first","9":"outofstock","10":"shipping-taxable","11":"purchasable","12":"product-type-variable"},"acf":[],"_links":{"self":[{"href":"https:\/\/elnesry.com\/fr\/wp-json\/wp\/v2\/product\/13278","targetHints":{"allow":["GET"]}}],"collection":[{"href":"https:\/\/elnesry.com\/fr\/wp-json\/wp\/v2\/product"}],"about":[{"href":"https:\/\/elnesry.com\/fr\/wp-json\/wp\/v2\/types\/product"}],"replies":[{"embeddable":true,"href":"https:\/\/elnesry.com\/fr\/wp-json\/wp\/v2\/comments?post=13278"}],"wp:featuredmedia":[{"embeddable":true,"href":"https:\/\/elnesry.com\/fr\/wp-json\/wp\/v2\/media\/13266"}],"wp:attachment":[{"href":"https:\/\/elnesry.com\/fr\/wp-json\/wp\/v2\/media?parent=13278"}],"wp:term":[{"taxonomy":"product_brand","embeddable":true,"href":"https:\/\/elnesry.com\/fr\/wp-json\/wp\/v2\/product_brand?post=13278"},{"taxonomy":"product_cat","embeddable":true,"href":"https:\/\/elnesry.com\/fr\/wp-json\/wp\/v2\/product_cat?post=13278"},{"taxonomy":"product_tag","embeddable":true,"href":"https:\/\/elnesry.com\/fr\/wp-json\/wp\/v2\/product_tag?post=13278"}],"curies":[{"name":"wp","href":"https:\/\/api.w.org\/{rel}","templated":true}]}}