{"id":13445,"date":"2023-06-20T20:37:58","date_gmt":"2023-06-20T19:37:58","guid":{"rendered":"https:\/\/elnesry.com\/?post_type=product&#038;p=13445"},"modified":"2025-10-16T22:14:26","modified_gmt":"2025-10-16T21:14:26","slug":"%d8%ad%d8%ac%d8%a7%d8%a8-%d8%b3%d8%aa%d8%b1%d8%a9","status":"publish","type":"product","link":"https:\/\/elnesry.com\/fr\/store\/%d8%ad%d8%ac%d8%a7%d8%a8-%d8%b3%d8%aa%d8%b1%d8%a9\/","title":{"rendered":"\u062d\u062c\u0627\u0628 \u0633\u062a\u0631\u0629"},"content":{"rendered":"<p>Hidjab Sotra est un hidjab d&#8217;une coupe extra large dot\u00e9 de manches bouffantes resserr\u00e9es par des n\u0153uds au niveau des poign\u00e9es, cousu dans un tissu l\u00e9ger et opaque qui convient avec  la demi saison et la saison estivale.<br \/>\nDisponible en 2 tailles et en une seule couleur.<\/p>","protected":false},"excerpt":{"rendered":"<p>Hidjab Sotra est un hidjab d&#8217;une coupe extra large dot\u00e9 de manches bouffantes resserr\u00e9es par des n\u0153uds au niveau des<\/p>","protected":false},"featured_media":13446,"comment_status":"open","ping_status":"closed","template":"","meta":{"_acf_changed":false},"product_brand":[],"product_cat":[58],"product_tag":[],"class_list":{"0":"post-13445","1":"product","2":"type-product","3":"status-publish","4":"has-post-thumbnail","6":"product_cat-58","8":"first","9":"outofstock","10":"shipping-taxable","11":"purchasable","12":"product-type-variable"},"acf":[],"_links":{"self":[{"href":"https:\/\/elnesry.com\/fr\/wp-json\/wp\/v2\/product\/13445","targetHints":{"allow":["GET"]}}],"collection":[{"href":"https:\/\/elnesry.com\/fr\/wp-json\/wp\/v2\/product"}],"about":[{"href":"https:\/\/elnesry.com\/fr\/wp-json\/wp\/v2\/types\/product"}],"replies":[{"embeddable":true,"href":"https:\/\/elnesry.com\/fr\/wp-json\/wp\/v2\/comments?post=13445"}],"wp:featuredmedia":[{"embeddable":true,"href":"https:\/\/elnesry.com\/fr\/wp-json\/wp\/v2\/media\/13446"}],"wp:attachment":[{"href":"https:\/\/elnesry.com\/fr\/wp-json\/wp\/v2\/media?parent=13445"}],"wp:term":[{"taxonomy":"product_brand","embeddable":true,"href":"https:\/\/elnesry.com\/fr\/wp-json\/wp\/v2\/product_brand?post=13445"},{"taxonomy":"product_cat","embeddable":true,"href":"https:\/\/elnesry.com\/fr\/wp-json\/wp\/v2\/product_cat?post=13445"},{"taxonomy":"product_tag","embeddable":true,"href":"https:\/\/elnesry.com\/fr\/wp-json\/wp\/v2\/product_tag?post=13445"}],"curies":[{"name":"wp","href":"https:\/\/api.w.org\/{rel}","templated":true}]}}