{"id":13495,"date":"2023-06-23T13:39:28","date_gmt":"2023-06-23T12:39:28","guid":{"rendered":"https:\/\/elnesry.com\/?post_type=product&#038;p=13495"},"modified":"2024-04-15T11:11:51","modified_gmt":"2024-04-15T10:11:51","slug":"marina-swimwear-blanc","status":"publish","type":"product","link":"https:\/\/elnesry.com\/fr\/store\/marina-swimwear-blanc\/","title":{"rendered":"Marina Swimwear &#8211; Blanc &#8211;"},"content":{"rendered":"<p>Un burkini tr\u00e8s pratique pour une baignade et toutes activit\u00e9s aquatiques, compos\u00e9 d&#8217;une combi-legging, une tunique large et longue pour vous donner une sensation d&#8217;\u00eatre en th\u00e8me et mastoura et une cagoule qui cache le cou. Cousu dans un tissu imperm\u00e9able et a s\u00e9chage rapide.<br \/>\nDisponible en toutes tailles. <\/p>","protected":false},"excerpt":{"rendered":"<p>Un burkini tr\u00e8s pratique pour une baignade et toutes activit\u00e9s aquatiques, compos\u00e9 d&#8217;une combi-legging, une tunique large et longue pour<\/p>","protected":false},"featured_media":13499,"comment_status":"open","ping_status":"closed","template":"","meta":{"_acf_changed":false},"product_brand":[],"product_cat":[70],"product_tag":[],"class_list":{"0":"post-13495","1":"product","2":"type-product","3":"status-publish","4":"has-post-thumbnail","6":"product_cat-70","8":"first","9":"outofstock","10":"shipping-taxable","11":"purchasable","12":"product-type-variable"},"acf":[],"_links":{"self":[{"href":"https:\/\/elnesry.com\/fr\/wp-json\/wp\/v2\/product\/13495","targetHints":{"allow":["GET"]}}],"collection":[{"href":"https:\/\/elnesry.com\/fr\/wp-json\/wp\/v2\/product"}],"about":[{"href":"https:\/\/elnesry.com\/fr\/wp-json\/wp\/v2\/types\/product"}],"replies":[{"embeddable":true,"href":"https:\/\/elnesry.com\/fr\/wp-json\/wp\/v2\/comments?post=13495"}],"wp:featuredmedia":[{"embeddable":true,"href":"https:\/\/elnesry.com\/fr\/wp-json\/wp\/v2\/media\/13499"}],"wp:attachment":[{"href":"https:\/\/elnesry.com\/fr\/wp-json\/wp\/v2\/media?parent=13495"}],"wp:term":[{"taxonomy":"product_brand","embeddable":true,"href":"https:\/\/elnesry.com\/fr\/wp-json\/wp\/v2\/product_brand?post=13495"},{"taxonomy":"product_cat","embeddable":true,"href":"https:\/\/elnesry.com\/fr\/wp-json\/wp\/v2\/product_cat?post=13495"},{"taxonomy":"product_tag","embeddable":true,"href":"https:\/\/elnesry.com\/fr\/wp-json\/wp\/v2\/product_tag?post=13495"}],"curies":[{"name":"wp","href":"https:\/\/api.w.org\/{rel}","templated":true}]}}