{"id":13586,"date":"2023-07-02T21:03:27","date_gmt":"2023-07-02T20:03:27","guid":{"rendered":"https:\/\/elnesry.com\/?post_type=product&#038;p=13586"},"modified":"2024-04-15T11:11:24","modified_gmt":"2024-04-15T10:11:24","slug":"abaya-finesse-mauve","status":"publish","type":"product","link":"https:\/\/elnesry.com\/fr\/store\/abaya-finesse-mauve\/","title":{"rendered":"abaya finesse -Mauve-"},"content":{"rendered":"<ol>\n<li>Abaya \u00e9vas\u00e9e oversized avec des \u00e9paules tombantes qui peut \u00eatre port\u00e9e ouverte ou ferm\u00e9e gr\u00e2ce aux tiktak invisibles.<\/li>\n<\/ol>","protected":false},"excerpt":{"rendered":"<p style=\"text-align: right\">\u200e<\/p>","protected":false},"featured_media":13587,"comment_status":"open","ping_status":"closed","template":"","meta":{"_acf_changed":false},"product_brand":[],"product_cat":[53],"product_tag":[],"class_list":{"0":"post-13586","1":"product","2":"type-product","3":"status-publish","4":"has-post-thumbnail","6":"product_cat-53","8":"first","9":"outofstock","10":"shipping-taxable","11":"purchasable","12":"product-type-simple"},"acf":[],"_links":{"self":[{"href":"https:\/\/elnesry.com\/fr\/wp-json\/wp\/v2\/product\/13586","targetHints":{"allow":["GET"]}}],"collection":[{"href":"https:\/\/elnesry.com\/fr\/wp-json\/wp\/v2\/product"}],"about":[{"href":"https:\/\/elnesry.com\/fr\/wp-json\/wp\/v2\/types\/product"}],"replies":[{"embeddable":true,"href":"https:\/\/elnesry.com\/fr\/wp-json\/wp\/v2\/comments?post=13586"}],"wp:featuredmedia":[{"embeddable":true,"href":"https:\/\/elnesry.com\/fr\/wp-json\/wp\/v2\/media\/13587"}],"wp:attachment":[{"href":"https:\/\/elnesry.com\/fr\/wp-json\/wp\/v2\/media?parent=13586"}],"wp:term":[{"taxonomy":"product_brand","embeddable":true,"href":"https:\/\/elnesry.com\/fr\/wp-json\/wp\/v2\/product_brand?post=13586"},{"taxonomy":"product_cat","embeddable":true,"href":"https:\/\/elnesry.com\/fr\/wp-json\/wp\/v2\/product_cat?post=13586"},{"taxonomy":"product_tag","embeddable":true,"href":"https:\/\/elnesry.com\/fr\/wp-json\/wp\/v2\/product_tag?post=13586"}],"curies":[{"name":"wp","href":"https:\/\/api.w.org\/{rel}","templated":true}]}}