{"id":14041,"date":"2023-08-18T13:01:14","date_gmt":"2023-08-18T12:01:14","guid":{"rendered":"https:\/\/elnesry.com\/?post_type=product&#038;p=14041"},"modified":"2025-10-16T22:14:12","modified_gmt":"2025-10-16T21:14:12","slug":"%d8%b9%d8%a8%d8%a7%d9%8a%d8%a9-%d8%a7%d9%84%d8%b5%d9%81%d8%a7%d8%a1","status":"publish","type":"product","link":"https:\/\/elnesry.com\/fr\/store\/%d8%b9%d8%a8%d8%a7%d9%8a%d8%a9-%d8%a7%d9%84%d8%b5%d9%81%d8%a7%d8%a1\/","title":{"rendered":"\u0639\u0628\u0627\u064a\u0629 \u0627\u0644\u0635\u0641\u0627\u0621"},"content":{"rendered":"<p>Vous cherchez un look moderne et raffin\u00e9 sans que vous passez inaper\u00e7ues lors de vos \u00e9v\u00e9nements, abaya \u0627\u0644\u0635\u0641\u0627\u0621 vous offre cette opportunit\u00e9, avec sa coupe chauve-souris, son tissu satin l\u00e9ger et ses d\u00e9tails en tul travaill\u00e9 au niveau des poignets, cette abaya est sp\u00e9cialement pens\u00e9e pour vous mettre en valeur sans d\u00e9voiler votre silhouette et vos contours.<\/p>","protected":false},"excerpt":{"rendered":"<p>Vous cherchez un look moderne et raffin\u00e9 sans que vous passez inaper\u00e7ues lors de vos \u00e9v\u00e9nements, abaya \u0627\u0644\u0635\u0641\u0627\u0621 vous offre<\/p>","protected":false},"featured_media":14042,"comment_status":"open","ping_status":"closed","template":"","meta":{"_acf_changed":false},"product_brand":[],"product_cat":[53],"product_tag":[],"class_list":{"0":"post-14041","1":"product","2":"type-product","3":"status-publish","4":"has-post-thumbnail","6":"product_cat-53","8":"first","9":"outofstock","10":"shipping-taxable","11":"purchasable","12":"product-type-simple"},"acf":[],"_links":{"self":[{"href":"https:\/\/elnesry.com\/fr\/wp-json\/wp\/v2\/product\/14041","targetHints":{"allow":["GET"]}}],"collection":[{"href":"https:\/\/elnesry.com\/fr\/wp-json\/wp\/v2\/product"}],"about":[{"href":"https:\/\/elnesry.com\/fr\/wp-json\/wp\/v2\/types\/product"}],"replies":[{"embeddable":true,"href":"https:\/\/elnesry.com\/fr\/wp-json\/wp\/v2\/comments?post=14041"}],"wp:featuredmedia":[{"embeddable":true,"href":"https:\/\/elnesry.com\/fr\/wp-json\/wp\/v2\/media\/14042"}],"wp:attachment":[{"href":"https:\/\/elnesry.com\/fr\/wp-json\/wp\/v2\/media?parent=14041"}],"wp:term":[{"taxonomy":"product_brand","embeddable":true,"href":"https:\/\/elnesry.com\/fr\/wp-json\/wp\/v2\/product_brand?post=14041"},{"taxonomy":"product_cat","embeddable":true,"href":"https:\/\/elnesry.com\/fr\/wp-json\/wp\/v2\/product_cat?post=14041"},{"taxonomy":"product_tag","embeddable":true,"href":"https:\/\/elnesry.com\/fr\/wp-json\/wp\/v2\/product_tag?post=14041"}],"curies":[{"name":"wp","href":"https:\/\/api.w.org\/{rel}","templated":true}]}}