{"id":14048,"date":"2023-08-18T13:17:54","date_gmt":"2023-08-18T12:17:54","guid":{"rendered":"https:\/\/elnesry.com\/?post_type=product&#038;p=14048"},"modified":"2025-10-16T22:14:01","modified_gmt":"2025-10-16T21:14:01","slug":"%d8%b9%d8%a8%d8%a7%d9%8a%d8%a9-%d8%b3%d9%88%d8%af%d8%a9","status":"publish","type":"product","link":"https:\/\/elnesry.com\/fr\/store\/%d8%b9%d8%a8%d8%a7%d9%8a%d8%a9-%d8%b3%d9%88%d8%af%d8%a9\/","title":{"rendered":"\u0639\u0628\u0627\u064a\u0629 \u0633\u0648\u062f\u0629"},"content":{"rendered":"<p>Abaya \u0633\u0648\u062f\u0629 est une abaya simple et \u00e9l\u00e9gante qui peut \u00eatre port\u00e9e au quotidien comme aux \u00e9v\u00e9nements. Cousue dans un tissu froiss\u00e9 et fluide avec une coupe chauve-souris ce qui va cacher votre silhouette tout en \u00e9tant chic et classy.<\/p>","protected":false},"excerpt":{"rendered":"<p>Abaya \u0633\u0648\u062f\u0629 est une abaya simple et \u00e9l\u00e9gante qui peut \u00eatre port\u00e9e au quotidien comme aux \u00e9v\u00e9nements. Cousue dans un<\/p>","protected":false},"featured_media":14049,"comment_status":"open","ping_status":"closed","template":"","meta":{"_acf_changed":false},"product_brand":[],"product_cat":[53],"product_tag":[],"class_list":{"0":"post-14048","1":"product","2":"type-product","3":"status-publish","4":"has-post-thumbnail","6":"product_cat-53","8":"first","9":"outofstock","10":"shipping-taxable","11":"purchasable","12":"product-type-simple"},"acf":[],"_links":{"self":[{"href":"https:\/\/elnesry.com\/fr\/wp-json\/wp\/v2\/product\/14048","targetHints":{"allow":["GET"]}}],"collection":[{"href":"https:\/\/elnesry.com\/fr\/wp-json\/wp\/v2\/product"}],"about":[{"href":"https:\/\/elnesry.com\/fr\/wp-json\/wp\/v2\/types\/product"}],"replies":[{"embeddable":true,"href":"https:\/\/elnesry.com\/fr\/wp-json\/wp\/v2\/comments?post=14048"}],"wp:featuredmedia":[{"embeddable":true,"href":"https:\/\/elnesry.com\/fr\/wp-json\/wp\/v2\/media\/14049"}],"wp:attachment":[{"href":"https:\/\/elnesry.com\/fr\/wp-json\/wp\/v2\/media?parent=14048"}],"wp:term":[{"taxonomy":"product_brand","embeddable":true,"href":"https:\/\/elnesry.com\/fr\/wp-json\/wp\/v2\/product_brand?post=14048"},{"taxonomy":"product_cat","embeddable":true,"href":"https:\/\/elnesry.com\/fr\/wp-json\/wp\/v2\/product_cat?post=14048"},{"taxonomy":"product_tag","embeddable":true,"href":"https:\/\/elnesry.com\/fr\/wp-json\/wp\/v2\/product_tag?post=14048"}],"curies":[{"name":"wp","href":"https:\/\/api.w.org\/{rel}","templated":true}]}}