{"id":14056,"date":"2023-08-18T13:40:09","date_gmt":"2023-08-18T12:40:09","guid":{"rendered":"https:\/\/elnesry.com\/?post_type=product&#038;p=14056"},"modified":"2025-10-16T22:13:50","modified_gmt":"2025-10-16T21:13:50","slug":"%d8%b9%d8%a8%d8%a7%d9%8a%d8%a9-%d9%81%d8%ae%d8%a7%d9%85%d8%a9","status":"publish","type":"product","link":"https:\/\/elnesry.com\/fr\/store\/%d8%b9%d8%a8%d8%a7%d9%8a%d8%a9-%d9%81%d8%ae%d8%a7%d9%85%d8%a9\/","title":{"rendered":"\u0639\u0628\u0627\u064a\u0629 \u0641\u062e\u0627\u0645\u0629"},"content":{"rendered":"<p>Cousue dans un tissu de haute qualit\u00e9, Abaya \u0641\u062e\u0627\u0645\u0629 vous garantit un look tr\u00e8s \u00e9l\u00e9gant et classy pour vos occasions et \u00e9v\u00e9nements formels, orn\u00e9e de motifs perl\u00e9s avec une coupe chauve-souris et une fermeture sur c\u00f4t\u00e9 qui vous garantit l&#8217;aspect d&#8217;\u00eatre \u00e9l\u00e9gante et mastoura.<\/p>","protected":false},"excerpt":{"rendered":"<p>Cousue dans un tissu de haute qualit\u00e9, Abaya \u0641\u062e\u0627\u0645\u0629 vous garantit un look tr\u00e8s \u00e9l\u00e9gant et classy pour vos occasions<\/p>","protected":false},"featured_media":14057,"comment_status":"open","ping_status":"closed","template":"","meta":{"_acf_changed":false},"product_brand":[],"product_cat":[53],"product_tag":[],"class_list":{"0":"post-14056","1":"product","2":"type-product","3":"status-publish","4":"has-post-thumbnail","6":"product_cat-53","8":"first","9":"outofstock","10":"shipping-taxable","11":"purchasable","12":"product-type-simple"},"acf":[],"_links":{"self":[{"href":"https:\/\/elnesry.com\/fr\/wp-json\/wp\/v2\/product\/14056","targetHints":{"allow":["GET"]}}],"collection":[{"href":"https:\/\/elnesry.com\/fr\/wp-json\/wp\/v2\/product"}],"about":[{"href":"https:\/\/elnesry.com\/fr\/wp-json\/wp\/v2\/types\/product"}],"replies":[{"embeddable":true,"href":"https:\/\/elnesry.com\/fr\/wp-json\/wp\/v2\/comments?post=14056"}],"wp:featuredmedia":[{"embeddable":true,"href":"https:\/\/elnesry.com\/fr\/wp-json\/wp\/v2\/media\/14057"}],"wp:attachment":[{"href":"https:\/\/elnesry.com\/fr\/wp-json\/wp\/v2\/media?parent=14056"}],"wp:term":[{"taxonomy":"product_brand","embeddable":true,"href":"https:\/\/elnesry.com\/fr\/wp-json\/wp\/v2\/product_brand?post=14056"},{"taxonomy":"product_cat","embeddable":true,"href":"https:\/\/elnesry.com\/fr\/wp-json\/wp\/v2\/product_cat?post=14056"},{"taxonomy":"product_tag","embeddable":true,"href":"https:\/\/elnesry.com\/fr\/wp-json\/wp\/v2\/product_tag?post=14056"}],"curies":[{"name":"wp","href":"https:\/\/api.w.org\/{rel}","templated":true}]}}