{"id":14115,"date":"2023-08-25T19:37:46","date_gmt":"2023-08-25T18:37:46","guid":{"rendered":"https:\/\/elnesry.com\/?post_type=product&#038;p=14115"},"modified":"2025-10-16T22:13:40","modified_gmt":"2025-10-16T21:13:40","slug":"%d8%b9%d8%a8%d8%a7%d9%8a%d8%a9-%d8%a3%d9%85%d8%a7%d9%86%d9%8a","status":"publish","type":"product","link":"https:\/\/elnesry.com\/fr\/store\/%d8%b9%d8%a8%d8%a7%d9%8a%d8%a9-%d8%a3%d9%85%d8%a7%d9%86%d9%8a\/","title":{"rendered":"\u0639\u0628\u0627\u064a\u0629 \u0623\u0645\u0627\u0646\u064a"},"content":{"rendered":"<p>Abaya simple et raffin\u00e9e, id\u00e9al pour le quotidien, cousue dans un tissu fluide et opaque, compos\u00e9e de 2 couleurs (noir et gris).<br \/>\nDisponible en toutes tailles.<\/p>","protected":false},"excerpt":{"rendered":"<p>Abaya simple et raffin\u00e9e, id\u00e9al pour le quotidien, cousue dans un tissu fluide et opaque, compos\u00e9e de 2 couleurs (noir<\/p>","protected":false},"featured_media":14116,"comment_status":"open","ping_status":"closed","template":"","meta":{"_acf_changed":false},"product_brand":[],"product_cat":[53],"product_tag":[],"class_list":{"0":"post-14115","1":"product","2":"type-product","3":"status-publish","4":"has-post-thumbnail","6":"product_cat-53","8":"first","9":"outofstock","10":"shipping-taxable","11":"purchasable","12":"product-type-variable"},"acf":[],"_links":{"self":[{"href":"https:\/\/elnesry.com\/fr\/wp-json\/wp\/v2\/product\/14115","targetHints":{"allow":["GET"]}}],"collection":[{"href":"https:\/\/elnesry.com\/fr\/wp-json\/wp\/v2\/product"}],"about":[{"href":"https:\/\/elnesry.com\/fr\/wp-json\/wp\/v2\/types\/product"}],"replies":[{"embeddable":true,"href":"https:\/\/elnesry.com\/fr\/wp-json\/wp\/v2\/comments?post=14115"}],"wp:featuredmedia":[{"embeddable":true,"href":"https:\/\/elnesry.com\/fr\/wp-json\/wp\/v2\/media\/14116"}],"wp:attachment":[{"href":"https:\/\/elnesry.com\/fr\/wp-json\/wp\/v2\/media?parent=14115"}],"wp:term":[{"taxonomy":"product_brand","embeddable":true,"href":"https:\/\/elnesry.com\/fr\/wp-json\/wp\/v2\/product_brand?post=14115"},{"taxonomy":"product_cat","embeddable":true,"href":"https:\/\/elnesry.com\/fr\/wp-json\/wp\/v2\/product_cat?post=14115"},{"taxonomy":"product_tag","embeddable":true,"href":"https:\/\/elnesry.com\/fr\/wp-json\/wp\/v2\/product_tag?post=14115"}],"curies":[{"name":"wp","href":"https:\/\/api.w.org\/{rel}","templated":true}]}}