{"id":14125,"date":"2023-08-25T19:42:23","date_gmt":"2023-08-25T18:42:23","guid":{"rendered":"https:\/\/elnesry.com\/?post_type=product&#038;p=14125"},"modified":"2025-10-16T22:13:29","modified_gmt":"2025-10-16T21:13:29","slug":"%d8%b9%d8%a8%d8%a7%d9%8a%d8%a9-%d9%85%d9%86%d8%a7%d8%b1%d8%a9","status":"publish","type":"product","link":"https:\/\/elnesry.com\/fr\/store\/%d8%b9%d8%a8%d8%a7%d9%8a%d8%a9-%d9%85%d9%86%d8%a7%d8%b1%d8%a9\/","title":{"rendered":"\u0639\u0628\u0627\u064a\u0629 \u0645\u0646\u0627\u0631\u0629"},"content":{"rendered":"<p>Abaya casuelle et classe, id\u00e9ale pour le quotidien comme pour les \u00e9v\u00e8nements, compos\u00e9e de 2 couleurs (noir et beige) dans un tissu l\u00e9ger et opaque.<br \/>\nDisponible en toutes tailles.<\/p>","protected":false},"excerpt":{"rendered":"<p>Abaya casuelle et classe, id\u00e9ale pour le quotidien comme pour les \u00e9v\u00e8nements, compos\u00e9e de 2 couleurs (noir et beige) dans<\/p>","protected":false},"featured_media":14126,"comment_status":"open","ping_status":"closed","template":"","meta":{"_acf_changed":false},"product_brand":[],"product_cat":[53],"product_tag":[],"class_list":{"0":"post-14125","1":"product","2":"type-product","3":"status-publish","4":"has-post-thumbnail","6":"product_cat-53","8":"first","9":"outofstock","10":"shipping-taxable","11":"purchasable","12":"product-type-variable"},"acf":[],"_links":{"self":[{"href":"https:\/\/elnesry.com\/fr\/wp-json\/wp\/v2\/product\/14125","targetHints":{"allow":["GET"]}}],"collection":[{"href":"https:\/\/elnesry.com\/fr\/wp-json\/wp\/v2\/product"}],"about":[{"href":"https:\/\/elnesry.com\/fr\/wp-json\/wp\/v2\/types\/product"}],"replies":[{"embeddable":true,"href":"https:\/\/elnesry.com\/fr\/wp-json\/wp\/v2\/comments?post=14125"}],"wp:featuredmedia":[{"embeddable":true,"href":"https:\/\/elnesry.com\/fr\/wp-json\/wp\/v2\/media\/14126"}],"wp:attachment":[{"href":"https:\/\/elnesry.com\/fr\/wp-json\/wp\/v2\/media?parent=14125"}],"wp:term":[{"taxonomy":"product_brand","embeddable":true,"href":"https:\/\/elnesry.com\/fr\/wp-json\/wp\/v2\/product_brand?post=14125"},{"taxonomy":"product_cat","embeddable":true,"href":"https:\/\/elnesry.com\/fr\/wp-json\/wp\/v2\/product_cat?post=14125"},{"taxonomy":"product_tag","embeddable":true,"href":"https:\/\/elnesry.com\/fr\/wp-json\/wp\/v2\/product_tag?post=14125"}],"curies":[{"name":"wp","href":"https:\/\/api.w.org\/{rel}","templated":true}]}}