{"id":14133,"date":"2023-08-25T19:50:21","date_gmt":"2023-08-25T18:50:21","guid":{"rendered":"https:\/\/elnesry.com\/?post_type=product&#038;p=14133"},"modified":"2024-04-15T11:10:02","modified_gmt":"2024-04-15T10:10:02","slug":"%d8%b9%d8%a8%d8%a7%d9%8a%d8%a9-%d8%a7%d9%84%d8%b1%d9%82%d8%a9-%d9%88%d8%b1%d8%af%d9%8a","status":"publish","type":"product","link":"https:\/\/elnesry.com\/fr\/store\/%d8%b9%d8%a8%d8%a7%d9%8a%d8%a9-%d8%a7%d9%84%d8%b1%d9%82%d8%a9-%d9%88%d8%b1%d8%af%d9%8a\/","title":{"rendered":"-\u0639\u0628\u0627\u064a\u0629 \u0627\u0644\u0631\u0642\u0629 -\u0648\u0631\u062f\u064a"},"content":{"rendered":"<p>Abaya tr\u00e8s raffin\u00e9e, classe et id\u00e9ale pour les \u00e9v\u00e8nements formels et les femmes bosseuses, compos\u00e9r de 2couleurs, le noir et le rose au niveau des poignets et le Col tailleur.<br \/>\nDisponible en toutes tailles.<\/p>","protected":false},"excerpt":{"rendered":"<p>Abaya tr\u00e8s raffin\u00e9e, classe et id\u00e9ale pour les \u00e9v\u00e8nements formels et les femmes bosseuses, compos\u00e9r de 2couleurs, le noir et<\/p>","protected":false},"featured_media":14134,"comment_status":"open","ping_status":"closed","template":"","meta":{"_acf_changed":false},"product_brand":[],"product_cat":[53],"product_tag":[],"class_list":{"0":"post-14133","1":"product","2":"type-product","3":"status-publish","4":"has-post-thumbnail","6":"product_cat-53","8":"first","9":"outofstock","10":"sale","11":"shipping-taxable","12":"purchasable","13":"product-type-variable"},"acf":[],"_links":{"self":[{"href":"https:\/\/elnesry.com\/fr\/wp-json\/wp\/v2\/product\/14133","targetHints":{"allow":["GET"]}}],"collection":[{"href":"https:\/\/elnesry.com\/fr\/wp-json\/wp\/v2\/product"}],"about":[{"href":"https:\/\/elnesry.com\/fr\/wp-json\/wp\/v2\/types\/product"}],"replies":[{"embeddable":true,"href":"https:\/\/elnesry.com\/fr\/wp-json\/wp\/v2\/comments?post=14133"}],"wp:featuredmedia":[{"embeddable":true,"href":"https:\/\/elnesry.com\/fr\/wp-json\/wp\/v2\/media\/14134"}],"wp:attachment":[{"href":"https:\/\/elnesry.com\/fr\/wp-json\/wp\/v2\/media?parent=14133"}],"wp:term":[{"taxonomy":"product_brand","embeddable":true,"href":"https:\/\/elnesry.com\/fr\/wp-json\/wp\/v2\/product_brand?post=14133"},{"taxonomy":"product_cat","embeddable":true,"href":"https:\/\/elnesry.com\/fr\/wp-json\/wp\/v2\/product_cat?post=14133"},{"taxonomy":"product_tag","embeddable":true,"href":"https:\/\/elnesry.com\/fr\/wp-json\/wp\/v2\/product_tag?post=14133"}],"curies":[{"name":"wp","href":"https:\/\/api.w.org\/{rel}","templated":true}]}}