{"id":14310,"date":"2023-09-14T19:03:52","date_gmt":"2023-09-14T18:03:52","guid":{"rendered":"https:\/\/elnesry.com\/?post_type=product&#038;p=14310"},"modified":"2025-10-16T22:13:00","modified_gmt":"2025-10-16T21:13:00","slug":"%d8%b9%d8%a8%d8%a7%d9%8a%d8%a9-%d8%b2%d9%85%d8%b1%d8%af%d8%a9","status":"publish","type":"product","link":"https:\/\/elnesry.com\/fr\/store\/%d8%b9%d8%a8%d8%a7%d9%8a%d8%a9-%d8%b2%d9%85%d8%b1%d8%af%d8%a9\/","title":{"rendered":"\u0639\u0628\u0627\u064a\u0629 \u0632\u0645\u0631\u062f\u0629"},"content":{"rendered":"<p>Abaya tr\u00e8s raffin\u00e9e et girly, cousue dans un tissu de haute qualit\u00e9, peut \u00eatre port\u00e9e seule ou avec une robe droite qui va donner plus d&#8217;\u00e9l\u00e9gance a votre outfit.<br \/>\nDisponible en toutes tailles.<\/p>","protected":false},"excerpt":{"rendered":"<p>Abaya tr\u00e8s raffin\u00e9e et girly, cousue dans un tissu de haute qualit\u00e9, peut \u00eatre port\u00e9e seule ou avec une robe<\/p>","protected":false},"featured_media":14311,"comment_status":"open","ping_status":"closed","template":"","meta":{"_acf_changed":false},"product_brand":[],"product_cat":[53],"product_tag":[],"class_list":{"0":"post-14310","1":"product","2":"type-product","3":"status-publish","4":"has-post-thumbnail","6":"product_cat-53","8":"first","9":"outofstock","10":"sale","11":"shipping-taxable","12":"purchasable","13":"product-type-variable"},"acf":[],"_links":{"self":[{"href":"https:\/\/elnesry.com\/fr\/wp-json\/wp\/v2\/product\/14310","targetHints":{"allow":["GET"]}}],"collection":[{"href":"https:\/\/elnesry.com\/fr\/wp-json\/wp\/v2\/product"}],"about":[{"href":"https:\/\/elnesry.com\/fr\/wp-json\/wp\/v2\/types\/product"}],"replies":[{"embeddable":true,"href":"https:\/\/elnesry.com\/fr\/wp-json\/wp\/v2\/comments?post=14310"}],"wp:featuredmedia":[{"embeddable":true,"href":"https:\/\/elnesry.com\/fr\/wp-json\/wp\/v2\/media\/14311"}],"wp:attachment":[{"href":"https:\/\/elnesry.com\/fr\/wp-json\/wp\/v2\/media?parent=14310"}],"wp:term":[{"taxonomy":"product_brand","embeddable":true,"href":"https:\/\/elnesry.com\/fr\/wp-json\/wp\/v2\/product_brand?post=14310"},{"taxonomy":"product_cat","embeddable":true,"href":"https:\/\/elnesry.com\/fr\/wp-json\/wp\/v2\/product_cat?post=14310"},{"taxonomy":"product_tag","embeddable":true,"href":"https:\/\/elnesry.com\/fr\/wp-json\/wp\/v2\/product_tag?post=14310"}],"curies":[{"name":"wp","href":"https:\/\/api.w.org\/{rel}","templated":true}]}}