{"id":14591,"date":"2023-10-26T21:34:40","date_gmt":"2023-10-26T20:34:40","guid":{"rendered":"https:\/\/elnesry.com\/?post_type=product&#038;p=14591"},"modified":"2025-10-16T22:11:39","modified_gmt":"2025-10-16T21:11:39","slug":"abaya-blazer-noir","status":"publish","type":"product","link":"https:\/\/elnesry.com\/fr\/store\/abaya-blazer-noir\/","title":{"rendered":"Abaya Blazer -Noir-"},"content":{"rendered":"<p>Abaya \u00e9l\u00e9gante cousu en tissu blazer, coupe large et oversized, col blazer avec deux gros boutons pour la fermeture, \u00e9paules tombantes et manches bouffantes resserr\u00e9es aux poignets.<br \/>\nDisponible en toutes tailles et en une seule couleur.<\/p>","protected":false},"excerpt":{"rendered":"<p>Abaya \u00e9l\u00e9gante cousu en tissu blazer, coupe large et oversized, col blazer avec deux gros boutons pour la fermeture, \u00e9paules<\/p>","protected":false},"featured_media":14592,"comment_status":"open","ping_status":"closed","template":"","meta":{"_acf_changed":false},"product_brand":[],"product_cat":[53],"product_tag":[],"class_list":{"0":"post-14591","1":"product","2":"type-product","3":"status-publish","4":"has-post-thumbnail","6":"product_cat-53","8":"first","9":"outofstock","10":"shipping-taxable","11":"purchasable","12":"product-type-variable"},"acf":[],"_links":{"self":[{"href":"https:\/\/elnesry.com\/fr\/wp-json\/wp\/v2\/product\/14591","targetHints":{"allow":["GET"]}}],"collection":[{"href":"https:\/\/elnesry.com\/fr\/wp-json\/wp\/v2\/product"}],"about":[{"href":"https:\/\/elnesry.com\/fr\/wp-json\/wp\/v2\/types\/product"}],"replies":[{"embeddable":true,"href":"https:\/\/elnesry.com\/fr\/wp-json\/wp\/v2\/comments?post=14591"}],"wp:featuredmedia":[{"embeddable":true,"href":"https:\/\/elnesry.com\/fr\/wp-json\/wp\/v2\/media\/14592"}],"wp:attachment":[{"href":"https:\/\/elnesry.com\/fr\/wp-json\/wp\/v2\/media?parent=14591"}],"wp:term":[{"taxonomy":"product_brand","embeddable":true,"href":"https:\/\/elnesry.com\/fr\/wp-json\/wp\/v2\/product_brand?post=14591"},{"taxonomy":"product_cat","embeddable":true,"href":"https:\/\/elnesry.com\/fr\/wp-json\/wp\/v2\/product_cat?post=14591"},{"taxonomy":"product_tag","embeddable":true,"href":"https:\/\/elnesry.com\/fr\/wp-json\/wp\/v2\/product_tag?post=14591"}],"curies":[{"name":"wp","href":"https:\/\/api.w.org\/{rel}","templated":true}]}}