{"id":14622,"date":"2023-10-27T21:14:11","date_gmt":"2023-10-27T20:14:11","guid":{"rendered":"https:\/\/elnesry.com\/?post_type=product&#038;p=14622"},"modified":"2025-10-16T22:11:29","modified_gmt":"2025-10-16T21:11:29","slug":"robe-polo","status":"publish","type":"product","link":"https:\/\/elnesry.com\/fr\/store\/robe-polo\/","title":{"rendered":"Robe Polo"},"content":{"rendered":"<p>Robe longue con\u00e7ue dans un tissu l\u00e9g\u00e8rement \u00e9pais id\u00e9ale pour la demi-saison qui vous offre une sensation de douceur et de fluidit\u00e9. Coupe \u00e9vas\u00e9e avec des manches coupe large.<br \/>\nDisponible en toutes tailles.<\/p>","protected":false},"excerpt":{"rendered":"<p>Robe longue con\u00e7ue dans un tissu l\u00e9g\u00e8rement \u00e9pais id\u00e9ale pour la demi-saison qui vous offre une sensation de douceur et<\/p>","protected":false},"featured_media":14623,"comment_status":"open","ping_status":"closed","template":"","meta":{"_acf_changed":false},"product_brand":[],"product_cat":[58],"product_tag":[],"class_list":{"0":"post-14622","1":"product","2":"type-product","3":"status-publish","4":"has-post-thumbnail","6":"product_cat-58","8":"first","9":"outofstock","10":"sale","11":"shipping-taxable","12":"purchasable","13":"product-type-variable"},"acf":[],"_links":{"self":[{"href":"https:\/\/elnesry.com\/fr\/wp-json\/wp\/v2\/product\/14622","targetHints":{"allow":["GET"]}}],"collection":[{"href":"https:\/\/elnesry.com\/fr\/wp-json\/wp\/v2\/product"}],"about":[{"href":"https:\/\/elnesry.com\/fr\/wp-json\/wp\/v2\/types\/product"}],"replies":[{"embeddable":true,"href":"https:\/\/elnesry.com\/fr\/wp-json\/wp\/v2\/comments?post=14622"}],"wp:featuredmedia":[{"embeddable":true,"href":"https:\/\/elnesry.com\/fr\/wp-json\/wp\/v2\/media\/14623"}],"wp:attachment":[{"href":"https:\/\/elnesry.com\/fr\/wp-json\/wp\/v2\/media?parent=14622"}],"wp:term":[{"taxonomy":"product_brand","embeddable":true,"href":"https:\/\/elnesry.com\/fr\/wp-json\/wp\/v2\/product_brand?post=14622"},{"taxonomy":"product_cat","embeddable":true,"href":"https:\/\/elnesry.com\/fr\/wp-json\/wp\/v2\/product_cat?post=14622"},{"taxonomy":"product_tag","embeddable":true,"href":"https:\/\/elnesry.com\/fr\/wp-json\/wp\/v2\/product_tag?post=14622"}],"curies":[{"name":"wp","href":"https:\/\/api.w.org\/{rel}","templated":true}]}}