{"id":14630,"date":"2023-10-27T21:26:09","date_gmt":"2023-10-27T20:26:09","guid":{"rendered":"https:\/\/elnesry.com\/?post_type=product&#038;p=14630"},"modified":"2023-12-15T08:45:48","modified_gmt":"2023-12-15T07:45:48","slug":"%d9%81%d8%b3%d8%aa%d8%a7%d9%86-%d8%ad%d9%86%d8%a7%d9%86-%d8%a3%d8%ae%d8%b6%d8%b1","status":"publish","type":"product","link":"https:\/\/elnesry.com\/fr\/store\/%d9%81%d8%b3%d8%aa%d8%a7%d9%86-%d8%ad%d9%86%d8%a7%d9%86-%d8%a3%d8%ae%d8%b6%d8%b1\/","title":{"rendered":"-\u0641\u0633\u062a\u0627\u0646 \u062d\u0646\u0627\u0646 -\u0623\u062e\u0636\u0631"},"content":{"rendered":"<p>Robe automnale cousue dans un tissu tr\u00e8s doux et l\u00e9g\u00e8rement \u00e9pais. Avec sa coupe droite et ses manches larges s, elle va vous apporter un look tr\u00e8s \u00e9l\u00e9gant et une sensation tr\u00e8s douce et confortable.<br \/>\nDisponible en 2 couleurs (vert et caramel) et en toutes tailles.<\/p>","protected":false},"excerpt":{"rendered":"<p>Robe automnale cousue dans un tissu tr\u00e8s doux et l\u00e9g\u00e8rement \u00e9pais. Avec sa coupe droite et ses manches larges s,<\/p>","protected":false},"featured_media":14631,"comment_status":"open","ping_status":"closed","template":"","meta":{"_acf_changed":false},"product_brand":[],"product_cat":[58],"product_tag":[],"class_list":{"0":"post-14630","1":"product","2":"type-product","3":"status-publish","4":"has-post-thumbnail","6":"product_cat-58","8":"first","9":"outofstock","10":"shipping-taxable","11":"purchasable","12":"product-type-variable"},"acf":[],"_links":{"self":[{"href":"https:\/\/elnesry.com\/fr\/wp-json\/wp\/v2\/product\/14630","targetHints":{"allow":["GET"]}}],"collection":[{"href":"https:\/\/elnesry.com\/fr\/wp-json\/wp\/v2\/product"}],"about":[{"href":"https:\/\/elnesry.com\/fr\/wp-json\/wp\/v2\/types\/product"}],"replies":[{"embeddable":true,"href":"https:\/\/elnesry.com\/fr\/wp-json\/wp\/v2\/comments?post=14630"}],"wp:featuredmedia":[{"embeddable":true,"href":"https:\/\/elnesry.com\/fr\/wp-json\/wp\/v2\/media\/14631"}],"wp:attachment":[{"href":"https:\/\/elnesry.com\/fr\/wp-json\/wp\/v2\/media?parent=14630"}],"wp:term":[{"taxonomy":"product_brand","embeddable":true,"href":"https:\/\/elnesry.com\/fr\/wp-json\/wp\/v2\/product_brand?post=14630"},{"taxonomy":"product_cat","embeddable":true,"href":"https:\/\/elnesry.com\/fr\/wp-json\/wp\/v2\/product_cat?post=14630"},{"taxonomy":"product_tag","embeddable":true,"href":"https:\/\/elnesry.com\/fr\/wp-json\/wp\/v2\/product_tag?post=14630"}],"curies":[{"name":"wp","href":"https:\/\/api.w.org\/{rel}","templated":true}]}}