{"id":14647,"date":"2023-10-27T22:48:33","date_gmt":"2023-10-27T21:48:33","guid":{"rendered":"https:\/\/elnesry.com\/?post_type=product&#038;p=14647"},"modified":"2025-10-16T22:11:08","modified_gmt":"2025-10-16T21:11:08","slug":"%d8%b9%d8%a8%d8%a7%d9%8a%d8%a9-%d8%a7%d9%84%d8%b1%d9%82%d8%a9-%d8%a3%d8%b3%d9%88%d8%af","status":"publish","type":"product","link":"https:\/\/elnesry.com\/fr\/store\/%d8%b9%d8%a8%d8%a7%d9%8a%d8%a9-%d8%a7%d9%84%d8%b1%d9%82%d8%a9-%d8%a3%d8%b3%d9%88%d8%af\/","title":{"rendered":"-\u0639\u0628\u0627\u064a\u0629 \u0627\u0644\u0631\u0642\u0629 -\u0623\u0633\u0648\u062f"},"content":{"rendered":"<p>Abaya tr\u00e8s raffin\u00e9e, classe et id\u00e9ale pour les \u00e9v\u00e8nements formels et les femmes bosseuses.<br \/>\nDisponible en toutes tailles.<\/p>","protected":false},"excerpt":{"rendered":"<p>Abaya tr\u00e8s raffin\u00e9e, classe et id\u00e9ale pour les \u00e9v\u00e8nements formels et les femmes bosseuses. Disponible en toutes tailles.<\/p>","protected":false},"featured_media":14651,"comment_status":"open","ping_status":"closed","template":"","meta":{"_acf_changed":false},"product_brand":[],"product_cat":[53],"product_tag":[],"class_list":{"0":"post-14647","1":"product","2":"type-product","3":"status-publish","4":"has-post-thumbnail","6":"product_cat-53","8":"first","9":"outofstock","10":"sale","11":"shipping-taxable","12":"purchasable","13":"product-type-variable"},"acf":[],"_links":{"self":[{"href":"https:\/\/elnesry.com\/fr\/wp-json\/wp\/v2\/product\/14647","targetHints":{"allow":["GET"]}}],"collection":[{"href":"https:\/\/elnesry.com\/fr\/wp-json\/wp\/v2\/product"}],"about":[{"href":"https:\/\/elnesry.com\/fr\/wp-json\/wp\/v2\/types\/product"}],"replies":[{"embeddable":true,"href":"https:\/\/elnesry.com\/fr\/wp-json\/wp\/v2\/comments?post=14647"}],"wp:featuredmedia":[{"embeddable":true,"href":"https:\/\/elnesry.com\/fr\/wp-json\/wp\/v2\/media\/14651"}],"wp:attachment":[{"href":"https:\/\/elnesry.com\/fr\/wp-json\/wp\/v2\/media?parent=14647"}],"wp:term":[{"taxonomy":"product_brand","embeddable":true,"href":"https:\/\/elnesry.com\/fr\/wp-json\/wp\/v2\/product_brand?post=14647"},{"taxonomy":"product_cat","embeddable":true,"href":"https:\/\/elnesry.com\/fr\/wp-json\/wp\/v2\/product_cat?post=14647"},{"taxonomy":"product_tag","embeddable":true,"href":"https:\/\/elnesry.com\/fr\/wp-json\/wp\/v2\/product_tag?post=14647"}],"curies":[{"name":"wp","href":"https:\/\/api.w.org\/{rel}","templated":true}]}}