{"id":14769,"date":"2023-11-06T19:40:59","date_gmt":"2023-11-06T18:40:59","guid":{"rendered":"https:\/\/elnesry.com\/?post_type=product&#038;p=14769"},"modified":"2025-10-16T22:10:46","modified_gmt":"2025-10-16T21:10:46","slug":"abaya-blazer-camel","status":"publish","type":"product","link":"https:\/\/elnesry.com\/fr\/store\/abaya-blazer-camel\/","title":{"rendered":"Abaya Blazer -Camel-"},"content":{"rendered":"<p>Abaya \u00e9l\u00e9gante cousu en tissu blazer, coupe large et oversized, col blazer avec deux gros boutons pour la fermeture, \u00e9paules tombantes et manches bouffantes resserr\u00e9es aux poignets.<br \/>\nDisponible en toutes tailles et en 2 couleurs.<\/p>","protected":false},"excerpt":{"rendered":"<p>Abaya \u00e9l\u00e9gante cousu en tissu blazer, coupe large et oversized, col blazer avec deux gros boutons pour la fermeture, \u00e9paules<\/p>","protected":false},"featured_media":14773,"comment_status":"open","ping_status":"closed","template":"","meta":{"_acf_changed":false},"product_brand":[],"product_cat":[53],"product_tag":[],"class_list":{"0":"post-14769","1":"product","2":"type-product","3":"status-publish","4":"has-post-thumbnail","6":"product_cat-53","8":"first","9":"outofstock","10":"shipping-taxable","11":"purchasable","12":"product-type-variable"},"acf":[],"_links":{"self":[{"href":"https:\/\/elnesry.com\/fr\/wp-json\/wp\/v2\/product\/14769","targetHints":{"allow":["GET"]}}],"collection":[{"href":"https:\/\/elnesry.com\/fr\/wp-json\/wp\/v2\/product"}],"about":[{"href":"https:\/\/elnesry.com\/fr\/wp-json\/wp\/v2\/types\/product"}],"replies":[{"embeddable":true,"href":"https:\/\/elnesry.com\/fr\/wp-json\/wp\/v2\/comments?post=14769"}],"wp:featuredmedia":[{"embeddable":true,"href":"https:\/\/elnesry.com\/fr\/wp-json\/wp\/v2\/media\/14773"}],"wp:attachment":[{"href":"https:\/\/elnesry.com\/fr\/wp-json\/wp\/v2\/media?parent=14769"}],"wp:term":[{"taxonomy":"product_brand","embeddable":true,"href":"https:\/\/elnesry.com\/fr\/wp-json\/wp\/v2\/product_brand?post=14769"},{"taxonomy":"product_cat","embeddable":true,"href":"https:\/\/elnesry.com\/fr\/wp-json\/wp\/v2\/product_cat?post=14769"},{"taxonomy":"product_tag","embeddable":true,"href":"https:\/\/elnesry.com\/fr\/wp-json\/wp\/v2\/product_tag?post=14769"}],"curies":[{"name":"wp","href":"https:\/\/api.w.org\/{rel}","templated":true}]}}