{"id":14856,"date":"2023-11-18T17:14:30","date_gmt":"2023-11-18T16:14:30","guid":{"rendered":"https:\/\/elnesry.com\/?post_type=product&#038;p=14856"},"modified":"2025-10-16T22:10:35","modified_gmt":"2025-10-16T21:10:35","slug":"light-cachemire-abaya","status":"publish","type":"product","link":"https:\/\/elnesry.com\/fr\/store\/light-cachemire-abaya\/","title":{"rendered":"Light Cachemire Abaya"},"content":{"rendered":"<p>Abaya automnale\/hivernale ad\u00e9quate pour la saison fra\u00eeche et froide, cousu dans un tissu de cachemire l\u00e9ger dans une coupe large et des manches \u00e9vas\u00e9es. Elle peut \u00eatre port\u00e9e ouverte comme ferm\u00e9e gr\u00e2ce aux boutons pression.<br \/>\nDisponible dans toutes les tailles.<\/p>","protected":false},"excerpt":{"rendered":"<p>Abaya automnale\/hivernale ad\u00e9quate pour la saison fra\u00eeche et froide, cousu dans un tissu de cachemire l\u00e9ger dans une coupe large<\/p>","protected":false},"featured_media":14857,"comment_status":"open","ping_status":"closed","template":"","meta":{"_acf_changed":false},"product_brand":[],"product_cat":[53],"product_tag":[],"class_list":{"0":"post-14856","1":"product","2":"type-product","3":"status-publish","4":"has-post-thumbnail","6":"product_cat-53","8":"first","9":"outofstock","10":"sale","11":"shipping-taxable","12":"purchasable","13":"product-type-variable"},"acf":[],"_links":{"self":[{"href":"https:\/\/elnesry.com\/fr\/wp-json\/wp\/v2\/product\/14856","targetHints":{"allow":["GET"]}}],"collection":[{"href":"https:\/\/elnesry.com\/fr\/wp-json\/wp\/v2\/product"}],"about":[{"href":"https:\/\/elnesry.com\/fr\/wp-json\/wp\/v2\/types\/product"}],"replies":[{"embeddable":true,"href":"https:\/\/elnesry.com\/fr\/wp-json\/wp\/v2\/comments?post=14856"}],"wp:featuredmedia":[{"embeddable":true,"href":"https:\/\/elnesry.com\/fr\/wp-json\/wp\/v2\/media\/14857"}],"wp:attachment":[{"href":"https:\/\/elnesry.com\/fr\/wp-json\/wp\/v2\/media?parent=14856"}],"wp:term":[{"taxonomy":"product_brand","embeddable":true,"href":"https:\/\/elnesry.com\/fr\/wp-json\/wp\/v2\/product_brand?post=14856"},{"taxonomy":"product_cat","embeddable":true,"href":"https:\/\/elnesry.com\/fr\/wp-json\/wp\/v2\/product_cat?post=14856"},{"taxonomy":"product_tag","embeddable":true,"href":"https:\/\/elnesry.com\/fr\/wp-json\/wp\/v2\/product_tag?post=14856"}],"curies":[{"name":"wp","href":"https:\/\/api.w.org\/{rel}","templated":true}]}}