{"id":15068,"date":"2023-12-02T20:43:42","date_gmt":"2023-12-02T19:43:42","guid":{"rendered":"https:\/\/elnesry.com\/?post_type=product&#038;p=15068"},"modified":"2025-10-16T22:10:03","modified_gmt":"2025-10-16T21:10:03","slug":"trench-coat-beige","status":"publish","type":"product","link":"https:\/\/elnesry.com\/fr\/store\/trench-coat-beige\/","title":{"rendered":"Trench-coat -Beige-"},"content":{"rendered":"<p>Il s&#8217;agit d&#8217;un tissu import\u00e9 de qualit\u00e9 sup\u00e9rieure, avec un toucher et une texture riches, fluide, opaque et avec un superbe tomb\u00e9.<br \/>\nAbaya de style trench classique avec deux poches sur les c\u00f4t\u00e9s, des manches et des \u00e9paules garnis de boutons et une doublure pour vous tenir bien chaud dans cette saison froide<br \/>\nDisponible en 2 couleurs (beige et noir) et dans toutes les tailles.<\/p>","protected":false},"excerpt":{"rendered":"<p>Il s&#8217;agit d&#8217;un tissu import\u00e9 de qualit\u00e9 sup\u00e9rieure, avec un toucher et une texture riches, fluide, opaque et avec un<\/p>","protected":false},"featured_media":15069,"comment_status":"open","ping_status":"closed","template":"","meta":{"_acf_changed":false},"product_brand":[],"product_cat":[78],"product_tag":[],"class_list":{"0":"post-15068","1":"product","2":"type-product","3":"status-publish","4":"has-post-thumbnail","6":"product_cat-78","8":"first","9":"outofstock","10":"shipping-taxable","11":"purchasable","12":"product-type-variable"},"acf":[],"_links":{"self":[{"href":"https:\/\/elnesry.com\/fr\/wp-json\/wp\/v2\/product\/15068","targetHints":{"allow":["GET"]}}],"collection":[{"href":"https:\/\/elnesry.com\/fr\/wp-json\/wp\/v2\/product"}],"about":[{"href":"https:\/\/elnesry.com\/fr\/wp-json\/wp\/v2\/types\/product"}],"replies":[{"embeddable":true,"href":"https:\/\/elnesry.com\/fr\/wp-json\/wp\/v2\/comments?post=15068"}],"wp:featuredmedia":[{"embeddable":true,"href":"https:\/\/elnesry.com\/fr\/wp-json\/wp\/v2\/media\/15069"}],"wp:attachment":[{"href":"https:\/\/elnesry.com\/fr\/wp-json\/wp\/v2\/media?parent=15068"}],"wp:term":[{"taxonomy":"product_brand","embeddable":true,"href":"https:\/\/elnesry.com\/fr\/wp-json\/wp\/v2\/product_brand?post=15068"},{"taxonomy":"product_cat","embeddable":true,"href":"https:\/\/elnesry.com\/fr\/wp-json\/wp\/v2\/product_cat?post=15068"},{"taxonomy":"product_tag","embeddable":true,"href":"https:\/\/elnesry.com\/fr\/wp-json\/wp\/v2\/product_tag?post=15068"}],"curies":[{"name":"wp","href":"https:\/\/api.w.org\/{rel}","templated":true}]}}