{"id":16066,"date":"2024-03-29T00:14:32","date_gmt":"2024-03-28T23:14:32","guid":{"rendered":"https:\/\/elnesry.com\/?post_type=product&#038;p=16066"},"modified":"2025-10-16T21:15:37","modified_gmt":"2025-10-16T20:15:37","slug":"%d8%ac%d8%a8%d8%a9-%d8%a7%d9%84%d8%b9%d9%8a%d8%af-%d8%a7%d8%b3%d9%88%d8%af","status":"publish","type":"product","link":"https:\/\/elnesry.com\/fr\/store\/%d8%ac%d8%a8%d8%a9-%d8%a7%d9%84%d8%b9%d9%8a%d8%af-%d8%a7%d8%b3%d9%88%d8%af\/","title":{"rendered":"&#8211; \u062c\u0628\u0629 \u0627\u0644\u0639\u064a\u062f &#8211; \u0627\u0633\u0648\u062f"},"content":{"rendered":"<p>C\u00e9l\u00e9brez l&#8217;A\u00efd avec \u00e9l\u00e9gance dans notre collection luxueuse d&#8217;El Nesry<br \/>\nQue vous optiez pour la tradition ou le modernisme, notre s\u00e9lection propose des styles pour toutes les pr\u00e9f\u00e9rences.<br \/>\nCousue dans un tissu en satin velvet, orn\u00e9e de galon et de chwicha qui d\u00e9termine son style traditionnel modernis\u00e9.<br \/>\nDisponible en 3 couleurs (bleu\/vert\/noir) et en taille standard.<\/p>","protected":false},"excerpt":{"rendered":"<p>C\u00e9l\u00e9brez l&#8217;A\u00efd avec \u00e9l\u00e9gance dans notre collection luxueuse d&#8217;El Nesry Que vous optiez pour la tradition ou le modernisme, notre<\/p>","protected":false},"featured_media":16067,"comment_status":"open","ping_status":"closed","template":"","meta":{"_acf_changed":false},"product_brand":[],"product_cat":[128,114],"product_tag":[],"class_list":{"0":"post-16066","1":"product","2":"type-product","3":"status-publish","4":"has-post-thumbnail","6":"product_cat-destockage","7":"product_cat-el-nesry-luxury","9":"first","10":"outofstock","11":"sale","12":"shipping-taxable","13":"purchasable","14":"product-type-simple"},"acf":[],"_links":{"self":[{"href":"https:\/\/elnesry.com\/fr\/wp-json\/wp\/v2\/product\/16066","targetHints":{"allow":["GET"]}}],"collection":[{"href":"https:\/\/elnesry.com\/fr\/wp-json\/wp\/v2\/product"}],"about":[{"href":"https:\/\/elnesry.com\/fr\/wp-json\/wp\/v2\/types\/product"}],"replies":[{"embeddable":true,"href":"https:\/\/elnesry.com\/fr\/wp-json\/wp\/v2\/comments?post=16066"}],"wp:featuredmedia":[{"embeddable":true,"href":"https:\/\/elnesry.com\/fr\/wp-json\/wp\/v2\/media\/16067"}],"wp:attachment":[{"href":"https:\/\/elnesry.com\/fr\/wp-json\/wp\/v2\/media?parent=16066"}],"wp:term":[{"taxonomy":"product_brand","embeddable":true,"href":"https:\/\/elnesry.com\/fr\/wp-json\/wp\/v2\/product_brand?post=16066"},{"taxonomy":"product_cat","embeddable":true,"href":"https:\/\/elnesry.com\/fr\/wp-json\/wp\/v2\/product_cat?post=16066"},{"taxonomy":"product_tag","embeddable":true,"href":"https:\/\/elnesry.com\/fr\/wp-json\/wp\/v2\/product_tag?post=16066"}],"curies":[{"name":"wp","href":"https:\/\/api.w.org\/{rel}","templated":true}]}}