{"id":16437,"date":"2024-04-28T17:04:32","date_gmt":"2024-04-28T16:04:32","guid":{"rendered":"https:\/\/elnesry.com\/?post_type=product&#038;p=16437"},"modified":"2025-10-16T22:06:15","modified_gmt":"2025-10-16T21:06:15","slug":"%d8%ad%d8%ac%d8%a7%d8%a8-%d8%b9%d9%81%d8%a7%d9%81-beige-rose","status":"publish","type":"product","link":"https:\/\/elnesry.com\/fr\/store\/%d8%ad%d8%ac%d8%a7%d8%a8-%d8%b9%d9%81%d8%a7%d9%81-beige-rose\/","title":{"rendered":"\u062d\u062c\u0627\u0628 \u0639\u0641\u0627\u0641 -beige ros\u00e9-"},"content":{"rendered":"<p>Hidjab \u0639\u0641\u0627\u0641 est un hidjab d&#8217;une coupe extra large dot\u00e9 de manches bouffantes resserr\u00e9es par des boutons au niveau des poign\u00e9es, cousu dans un tissu l\u00e9ger et opaque qui convient avec la demi saison et la saison estivale.<br \/>\nDisponible en 2 tailles et en  plusieurs couleurs.<\/p>","protected":false},"excerpt":{"rendered":"<p>Hidjab \u0639\u0641\u0627\u0641 est un hidjab d&#8217;une coupe extra large dot\u00e9 de manches bouffantes resserr\u00e9es par des boutons au niveau des<\/p>","protected":false},"featured_media":16441,"comment_status":"open","ping_status":"closed","template":"","meta":{"_acf_changed":false},"product_brand":[],"product_cat":[58],"product_tag":[],"class_list":{"0":"post-16437","1":"product","2":"type-product","3":"status-publish","4":"has-post-thumbnail","6":"product_cat-58","8":"first","9":"outofstock","10":"shipping-taxable","11":"purchasable","12":"product-type-variable"},"acf":[],"_links":{"self":[{"href":"https:\/\/elnesry.com\/fr\/wp-json\/wp\/v2\/product\/16437","targetHints":{"allow":["GET"]}}],"collection":[{"href":"https:\/\/elnesry.com\/fr\/wp-json\/wp\/v2\/product"}],"about":[{"href":"https:\/\/elnesry.com\/fr\/wp-json\/wp\/v2\/types\/product"}],"replies":[{"embeddable":true,"href":"https:\/\/elnesry.com\/fr\/wp-json\/wp\/v2\/comments?post=16437"}],"wp:featuredmedia":[{"embeddable":true,"href":"https:\/\/elnesry.com\/fr\/wp-json\/wp\/v2\/media\/16441"}],"wp:attachment":[{"href":"https:\/\/elnesry.com\/fr\/wp-json\/wp\/v2\/media?parent=16437"}],"wp:term":[{"taxonomy":"product_brand","embeddable":true,"href":"https:\/\/elnesry.com\/fr\/wp-json\/wp\/v2\/product_brand?post=16437"},{"taxonomy":"product_cat","embeddable":true,"href":"https:\/\/elnesry.com\/fr\/wp-json\/wp\/v2\/product_cat?post=16437"},{"taxonomy":"product_tag","embeddable":true,"href":"https:\/\/elnesry.com\/fr\/wp-json\/wp\/v2\/product_tag?post=16437"}],"curies":[{"name":"wp","href":"https:\/\/api.w.org\/{rel}","templated":true}]}}