{"id":16562,"date":"2024-05-10T18:54:01","date_gmt":"2024-05-10T17:54:01","guid":{"rendered":"https:\/\/elnesry.com\/?post_type=product&#038;p=16562"},"modified":"2025-10-16T22:05:29","modified_gmt":"2025-10-16T21:05:29","slug":"colourful-modest-swimwear","status":"publish","type":"product","link":"https:\/\/elnesry.com\/fr\/store\/colourful-modest-swimwear\/","title":{"rendered":"Colourful Modest Swimwear"},"content":{"rendered":"<p>Un burkini must-have pour cet \u00e9t\u00e9, tissu imperm\u00e9able, une d\u00e9coupe large et modeste , tr\u00e8s pratique gr\u00e2ce \u00e0 sa combinaison qui vient \u00e0 l\u2019int\u00e9rieur et la cagoule qui cache tout le cou.<br \/>\nDisponible en toutes tailles.<\/p>","protected":false},"excerpt":{"rendered":"<p>Un burkini must-have pour cet \u00e9t\u00e9, tissu imperm\u00e9able, une d\u00e9coupe large et modeste , tr\u00e8s pratique gr\u00e2ce \u00e0 sa combinaison<\/p>","protected":false},"featured_media":16567,"comment_status":"open","ping_status":"closed","template":"","meta":{"_acf_changed":false},"product_brand":[],"product_cat":[70],"product_tag":[],"class_list":{"0":"post-16562","1":"product","2":"type-product","3":"status-publish","4":"has-post-thumbnail","6":"product_cat-70","8":"first","9":"outofstock","10":"shipping-taxable","11":"purchasable","12":"product-type-variable"},"acf":[],"_links":{"self":[{"href":"https:\/\/elnesry.com\/fr\/wp-json\/wp\/v2\/product\/16562","targetHints":{"allow":["GET"]}}],"collection":[{"href":"https:\/\/elnesry.com\/fr\/wp-json\/wp\/v2\/product"}],"about":[{"href":"https:\/\/elnesry.com\/fr\/wp-json\/wp\/v2\/types\/product"}],"replies":[{"embeddable":true,"href":"https:\/\/elnesry.com\/fr\/wp-json\/wp\/v2\/comments?post=16562"}],"wp:featuredmedia":[{"embeddable":true,"href":"https:\/\/elnesry.com\/fr\/wp-json\/wp\/v2\/media\/16567"}],"wp:attachment":[{"href":"https:\/\/elnesry.com\/fr\/wp-json\/wp\/v2\/media?parent=16562"}],"wp:term":[{"taxonomy":"product_brand","embeddable":true,"href":"https:\/\/elnesry.com\/fr\/wp-json\/wp\/v2\/product_brand?post=16562"},{"taxonomy":"product_cat","embeddable":true,"href":"https:\/\/elnesry.com\/fr\/wp-json\/wp\/v2\/product_cat?post=16562"},{"taxonomy":"product_tag","embeddable":true,"href":"https:\/\/elnesry.com\/fr\/wp-json\/wp\/v2\/product_tag?post=16562"}],"curies":[{"name":"wp","href":"https:\/\/api.w.org\/{rel}","templated":true}]}}