{"id":16679,"date":"2024-05-23T21:35:09","date_gmt":"2024-05-23T20:35:09","guid":{"rendered":"https:\/\/elnesry.com\/?post_type=product&#038;p=16679"},"modified":"2025-05-03T13:12:35","modified_gmt":"2025-05-03T12:12:35","slug":"blue-stars-burkini-bleu","status":"publish","type":"product","link":"https:\/\/elnesry.com\/fr\/store\/blue-stars-burkini-bleu\/","title":{"rendered":"Blue Stars Burkini -Bleu-"},"content":{"rendered":"<p>Un burkini must-have pour cet \u00e9t\u00e9, tissu imperm\u00e9able, une d\u00e9coupe large et modeste , tr\u00e8s pratique gr\u00e2ce \u00e0 sa combinaison qui vient \u00e0 l\u2019int\u00e9rieur et la cagoule qui cache tout le cou.<br \/>\nDisponible en toutes tailles.<\/p>","protected":false},"excerpt":{"rendered":"<p>Un burkini must-have pour cet \u00e9t\u00e9, tissu imperm\u00e9able, une d\u00e9coupe large et modeste , tr\u00e8s pratique gr\u00e2ce \u00e0 sa combinaison<\/p>","protected":false},"featured_media":16686,"comment_status":"open","ping_status":"closed","template":"","meta":{"_acf_changed":false},"product_brand":[],"product_cat":[70],"product_tag":[],"class_list":{"0":"post-16679","1":"product","2":"type-product","3":"status-publish","4":"has-post-thumbnail","6":"product_cat-70","8":"first","9":"outofstock","10":"shipping-taxable","11":"purchasable","12":"product-type-variable"},"acf":[],"_links":{"self":[{"href":"https:\/\/elnesry.com\/fr\/wp-json\/wp\/v2\/product\/16679","targetHints":{"allow":["GET"]}}],"collection":[{"href":"https:\/\/elnesry.com\/fr\/wp-json\/wp\/v2\/product"}],"about":[{"href":"https:\/\/elnesry.com\/fr\/wp-json\/wp\/v2\/types\/product"}],"replies":[{"embeddable":true,"href":"https:\/\/elnesry.com\/fr\/wp-json\/wp\/v2\/comments?post=16679"}],"wp:featuredmedia":[{"embeddable":true,"href":"https:\/\/elnesry.com\/fr\/wp-json\/wp\/v2\/media\/16686"}],"wp:attachment":[{"href":"https:\/\/elnesry.com\/fr\/wp-json\/wp\/v2\/media?parent=16679"}],"wp:term":[{"taxonomy":"product_brand","embeddable":true,"href":"https:\/\/elnesry.com\/fr\/wp-json\/wp\/v2\/product_brand?post=16679"},{"taxonomy":"product_cat","embeddable":true,"href":"https:\/\/elnesry.com\/fr\/wp-json\/wp\/v2\/product_cat?post=16679"},{"taxonomy":"product_tag","embeddable":true,"href":"https:\/\/elnesry.com\/fr\/wp-json\/wp\/v2\/product_tag?post=16679"}],"curies":[{"name":"wp","href":"https:\/\/api.w.org\/{rel}","templated":true}]}}