{"id":17022,"date":"2024-07-04T22:13:50","date_gmt":"2024-07-04T21:13:50","guid":{"rendered":"https:\/\/elnesry.com\/?post_type=product&#038;p=17022"},"modified":"2024-08-23T20:00:55","modified_gmt":"2024-08-23T19:00:55","slug":"flower-modest-swimwear","status":"publish","type":"product","link":"https:\/\/elnesry.com\/fr\/store\/flower-modest-swimwear\/","title":{"rendered":"Flower Modest Swimwear"},"content":{"rendered":"<p>D\u00e9couvrez le nouveau Flower Modest Swimwear, Burkini chic avec summer vibes, compos\u00e9 de 3 pi\u00e8ces : cagoule; pantalon large et tunique jusqu&#8217;au genoux, cousu dans un tissu imperm\u00e9able et facile a s\u00e9cher.<br \/>\nDisponible dans les 3 tailles.<\/p>","protected":false},"excerpt":{"rendered":"<p>D\u00e9couvrez le nouveau Flower Modest Swimwear, Burkini chic avec summer vibes, compos\u00e9 de 3 pi\u00e8ces : cagoule; pantalon large et<\/p>","protected":false},"featured_media":17023,"comment_status":"open","ping_status":"closed","template":"","meta":{"_acf_changed":false},"product_brand":[],"product_cat":[70],"product_tag":[],"class_list":{"0":"post-17022","1":"product","2":"type-product","3":"status-publish","4":"has-post-thumbnail","6":"product_cat-70","8":"first","9":"instock","10":"shipping-taxable","11":"purchasable","12":"product-type-variable"},"acf":[],"_links":{"self":[{"href":"https:\/\/elnesry.com\/fr\/wp-json\/wp\/v2\/product\/17022","targetHints":{"allow":["GET"]}}],"collection":[{"href":"https:\/\/elnesry.com\/fr\/wp-json\/wp\/v2\/product"}],"about":[{"href":"https:\/\/elnesry.com\/fr\/wp-json\/wp\/v2\/types\/product"}],"replies":[{"embeddable":true,"href":"https:\/\/elnesry.com\/fr\/wp-json\/wp\/v2\/comments?post=17022"}],"wp:featuredmedia":[{"embeddable":true,"href":"https:\/\/elnesry.com\/fr\/wp-json\/wp\/v2\/media\/17023"}],"wp:attachment":[{"href":"https:\/\/elnesry.com\/fr\/wp-json\/wp\/v2\/media?parent=17022"}],"wp:term":[{"taxonomy":"product_brand","embeddable":true,"href":"https:\/\/elnesry.com\/fr\/wp-json\/wp\/v2\/product_brand?post=17022"},{"taxonomy":"product_cat","embeddable":true,"href":"https:\/\/elnesry.com\/fr\/wp-json\/wp\/v2\/product_cat?post=17022"},{"taxonomy":"product_tag","embeddable":true,"href":"https:\/\/elnesry.com\/fr\/wp-json\/wp\/v2\/product_tag?post=17022"}],"curies":[{"name":"wp","href":"https:\/\/api.w.org\/{rel}","templated":true}]}}