{"id":18281,"date":"2024-11-13T19:56:35","date_gmt":"2024-11-13T18:56:35","guid":{"rendered":"https:\/\/elnesry.com\/?post_type=product&#038;p=18281"},"modified":"2025-10-16T21:54:54","modified_gmt":"2025-10-16T20:54:54","slug":"trench-abaya-noir","status":"publish","type":"product","link":"https:\/\/elnesry.com\/fr\/store\/trench-abaya-noir\/","title":{"rendered":"Trench Abaya -Noir-"},"content":{"rendered":"<p>Il s&#8217;agit d&#8217;un tissu import\u00e9 de qualit\u00e9 sup\u00e9rieure, avec un toucher et une texture riches, fluide, opaque et avec un superbe tomb\u00e9.<br \/>\nAbaya de style trench classique avec deux poches sur les c\u00f4t\u00e9s, des manches et des \u00e9paules garnis de boutons.<br \/>\nSans doublure, la qualit\u00e9 de tissu est parfaite pour la mi-saison.<br \/>\nDisponible en 2 couleurs (beige et vert) et dans toutes les tailles.<\/p>","protected":false},"excerpt":{"rendered":"<p>Il s&#8217;agit d&#8217;un tissu import\u00e9 de qualit\u00e9 sup\u00e9rieure, avec un toucher et une texture riches, fluide, opaque et avec un<\/p>","protected":false},"featured_media":18286,"comment_status":"open","ping_status":"closed","template":"","meta":{"_acf_changed":false},"product_brand":[],"product_cat":[115,78],"product_tag":[],"class_list":{"0":"post-18281","1":"product","2":"type-product","3":"status-publish","4":"has-post-thumbnail","6":"product_cat-collection-hiver-2025","7":"product_cat-78","9":"first","10":"outofstock","11":"shipping-taxable","12":"purchasable","13":"product-type-variable"},"acf":[],"_links":{"self":[{"href":"https:\/\/elnesry.com\/fr\/wp-json\/wp\/v2\/product\/18281","targetHints":{"allow":["GET"]}}],"collection":[{"href":"https:\/\/elnesry.com\/fr\/wp-json\/wp\/v2\/product"}],"about":[{"href":"https:\/\/elnesry.com\/fr\/wp-json\/wp\/v2\/types\/product"}],"replies":[{"embeddable":true,"href":"https:\/\/elnesry.com\/fr\/wp-json\/wp\/v2\/comments?post=18281"}],"wp:featuredmedia":[{"embeddable":true,"href":"https:\/\/elnesry.com\/fr\/wp-json\/wp\/v2\/media\/18286"}],"wp:attachment":[{"href":"https:\/\/elnesry.com\/fr\/wp-json\/wp\/v2\/media?parent=18281"}],"wp:term":[{"taxonomy":"product_brand","embeddable":true,"href":"https:\/\/elnesry.com\/fr\/wp-json\/wp\/v2\/product_brand?post=18281"},{"taxonomy":"product_cat","embeddable":true,"href":"https:\/\/elnesry.com\/fr\/wp-json\/wp\/v2\/product_cat?post=18281"},{"taxonomy":"product_tag","embeddable":true,"href":"https:\/\/elnesry.com\/fr\/wp-json\/wp\/v2\/product_tag?post=18281"}],"curies":[{"name":"wp","href":"https:\/\/api.w.org\/{rel}","templated":true}]}}