{"id":18366,"date":"2024-12-11T19:34:51","date_gmt":"2024-12-11T18:34:51","guid":{"rendered":"https:\/\/elnesry.com\/?post_type=product&#038;p=18366"},"modified":"2025-10-16T21:53:53","modified_gmt":"2025-10-16T20:53:53","slug":"abaya-chanel-2","status":"publish","type":"product","link":"https:\/\/elnesry.com\/fr\/store\/abaya-chanel-2\/","title":{"rendered":"Abaya Chanel"},"content":{"rendered":"<p>Abayas \u00e9l\u00e9gante, o\u00f9 la tradition rencontre le chic intemporel de Chanel.<br \/>\n Tissu Chanel raffin\u00e9, d\u00e9tails subtils, style embl\u00e9matique<br \/>\nUne c\u00e9l\u00e9bration de la modestie avec une touche d&#8217;\u00e9l\u00e9gance.<br \/>\nCompos\u00e9e d&#8217;une abaya en tissu Chanel + un robe droite.<br \/>\nDisponible dans une seule couleur et dans toutes les tailles.<\/p>","protected":false},"excerpt":{"rendered":"<p>Abayas \u00e9l\u00e9gante, o\u00f9 la tradition rencontre le chic intemporel de Chanel. Tissu Chanel raffin\u00e9, d\u00e9tails subtils, style embl\u00e9matique Une c\u00e9l\u00e9bration<\/p>","protected":false},"featured_media":18367,"comment_status":"open","ping_status":"closed","template":"","meta":{"_acf_changed":false},"product_brand":[],"product_cat":[53],"product_tag":[],"class_list":{"0":"post-18366","1":"product","2":"type-product","3":"status-publish","4":"has-post-thumbnail","6":"product_cat-53","8":"first","9":"outofstock","10":"shipping-taxable","11":"purchasable","12":"product-type-variable"},"acf":[],"_links":{"self":[{"href":"https:\/\/elnesry.com\/fr\/wp-json\/wp\/v2\/product\/18366","targetHints":{"allow":["GET"]}}],"collection":[{"href":"https:\/\/elnesry.com\/fr\/wp-json\/wp\/v2\/product"}],"about":[{"href":"https:\/\/elnesry.com\/fr\/wp-json\/wp\/v2\/types\/product"}],"replies":[{"embeddable":true,"href":"https:\/\/elnesry.com\/fr\/wp-json\/wp\/v2\/comments?post=18366"}],"wp:featuredmedia":[{"embeddable":true,"href":"https:\/\/elnesry.com\/fr\/wp-json\/wp\/v2\/media\/18367"}],"wp:attachment":[{"href":"https:\/\/elnesry.com\/fr\/wp-json\/wp\/v2\/media?parent=18366"}],"wp:term":[{"taxonomy":"product_brand","embeddable":true,"href":"https:\/\/elnesry.com\/fr\/wp-json\/wp\/v2\/product_brand?post=18366"},{"taxonomy":"product_cat","embeddable":true,"href":"https:\/\/elnesry.com\/fr\/wp-json\/wp\/v2\/product_cat?post=18366"},{"taxonomy":"product_tag","embeddable":true,"href":"https:\/\/elnesry.com\/fr\/wp-json\/wp\/v2\/product_tag?post=18366"}],"curies":[{"name":"wp","href":"https:\/\/api.w.org\/{rel}","templated":true}]}}