{"id":18760,"date":"2025-03-09T12:24:07","date_gmt":"2025-03-09T11:24:07","guid":{"rendered":"https:\/\/elnesry.com\/?post_type=product&#038;p=18760"},"modified":"2025-10-16T21:50:09","modified_gmt":"2025-10-16T20:50:09","slug":"%d8%ac%d8%a8%d8%a9-%d8%b0%d9%87%d8%a8%d9%8a%d8%a9-%d8%a8%d9%8a%d8%ac","status":"publish","type":"product","link":"https:\/\/elnesry.com\/fr\/store\/%d8%ac%d8%a8%d8%a9-%d8%b0%d9%87%d8%a8%d9%8a%d8%a9-%d8%a8%d9%8a%d8%ac\/","title":{"rendered":"-\u062c\u0628\u0629 \u0630\u0647\u0628\u064a\u0629 -\u0628\u064a\u062c"},"content":{"rendered":"<p>C\u00e9l\u00e9brez l&#8217;A\u00efd avec \u00e9l\u00e9gance dans notre collection luxueuse d&#8217;El Nesry<br \/>\nQue vous optiez pour la tradition ou le modernisme, notre s\u00e9lection propose des styles pour toutes les pr\u00e9f\u00e9rences.<br \/>\nCousue dans un tissu en cr\u00eape djellaba , orn\u00e9e de galon qui refl\u00e8te son charme a la fois simple et \u00e9l\u00e9gant.<br \/>\nDisponible en 2 couleurs (blanc et beige) et en taille standard.<\/p>","protected":false},"excerpt":{"rendered":"<p>C\u00e9l\u00e9brez l&#8217;A\u00efd avec \u00e9l\u00e9gance dans notre collection luxueuse d&#8217;El Nesry Que vous optiez pour la tradition ou le modernisme, notre<\/p>","protected":false},"featured_media":16061,"comment_status":"open","ping_status":"closed","template":"","meta":{"_acf_changed":false},"product_brand":[],"product_cat":[114],"product_tag":[],"class_list":{"0":"post-18760","1":"product","2":"type-product","3":"status-publish","4":"has-post-thumbnail","6":"product_cat-el-nesry-luxury","8":"first","9":"outofstock","10":"shipping-taxable","11":"purchasable","12":"product-type-simple"},"acf":[],"_links":{"self":[{"href":"https:\/\/elnesry.com\/fr\/wp-json\/wp\/v2\/product\/18760","targetHints":{"allow":["GET"]}}],"collection":[{"href":"https:\/\/elnesry.com\/fr\/wp-json\/wp\/v2\/product"}],"about":[{"href":"https:\/\/elnesry.com\/fr\/wp-json\/wp\/v2\/types\/product"}],"replies":[{"embeddable":true,"href":"https:\/\/elnesry.com\/fr\/wp-json\/wp\/v2\/comments?post=18760"}],"wp:featuredmedia":[{"embeddable":true,"href":"https:\/\/elnesry.com\/fr\/wp-json\/wp\/v2\/media\/16061"}],"wp:attachment":[{"href":"https:\/\/elnesry.com\/fr\/wp-json\/wp\/v2\/media?parent=18760"}],"wp:term":[{"taxonomy":"product_brand","embeddable":true,"href":"https:\/\/elnesry.com\/fr\/wp-json\/wp\/v2\/product_brand?post=18760"},{"taxonomy":"product_cat","embeddable":true,"href":"https:\/\/elnesry.com\/fr\/wp-json\/wp\/v2\/product_cat?post=18760"},{"taxonomy":"product_tag","embeddable":true,"href":"https:\/\/elnesry.com\/fr\/wp-json\/wp\/v2\/product_tag?post=18760"}],"curies":[{"name":"wp","href":"https:\/\/api.w.org\/{rel}","templated":true}]}}