{"id":18767,"date":"2025-03-09T12:32:28","date_gmt":"2025-03-09T11:32:28","guid":{"rendered":"https:\/\/elnesry.com\/?post_type=product&#038;p=18767"},"modified":"2025-10-22T14:05:44","modified_gmt":"2025-10-22T13:05:44","slug":"%d8%ac%d8%a8%d8%a9-%d8%a7%d9%84%d9%85%d9%84%d9%83%d8%a9","status":"publish","type":"product","link":"https:\/\/elnesry.com\/fr\/store\/%d8%ac%d8%a8%d8%a9-%d8%a7%d9%84%d9%85%d9%84%d9%83%d8%a9\/","title":{"rendered":"\u062c\u0628\u0629 \u0627\u0644\u0645\u0644\u0643\u0629"},"content":{"rendered":"<p>Faites sensation avec notre collection de robes dignes des reines !<br \/>\nPlongez dans le luxe et l&#8217;\u00e9l\u00e9gance avec des tissus somptueux et des d\u00e9tails raffin\u00e9s a la fois traditionnels et \u00e9l\u00e9gants<br \/>\nDisponible en une seule couleur et en taille standard.<\/p>","protected":false},"excerpt":{"rendered":"<p>Faites sensation avec notre collection de robes dignes des reines ! Plongez dans le luxe et l&#8217;\u00e9l\u00e9gance avec des tissus<\/p>","protected":false},"featured_media":18680,"comment_status":"open","ping_status":"closed","template":"","meta":{"_acf_changed":false},"product_brand":[],"product_cat":[128,114],"product_tag":[],"class_list":{"0":"post-18767","1":"product","2":"type-product","3":"status-publish","4":"has-post-thumbnail","6":"product_cat-destockage","7":"product_cat-el-nesry-luxury","9":"first","10":"instock","11":"sale","12":"shipping-taxable","13":"purchasable","14":"product-type-variable"},"acf":[],"_links":{"self":[{"href":"https:\/\/elnesry.com\/fr\/wp-json\/wp\/v2\/product\/18767","targetHints":{"allow":["GET"]}}],"collection":[{"href":"https:\/\/elnesry.com\/fr\/wp-json\/wp\/v2\/product"}],"about":[{"href":"https:\/\/elnesry.com\/fr\/wp-json\/wp\/v2\/types\/product"}],"replies":[{"embeddable":true,"href":"https:\/\/elnesry.com\/fr\/wp-json\/wp\/v2\/comments?post=18767"}],"wp:featuredmedia":[{"embeddable":true,"href":"https:\/\/elnesry.com\/fr\/wp-json\/wp\/v2\/media\/18680"}],"wp:attachment":[{"href":"https:\/\/elnesry.com\/fr\/wp-json\/wp\/v2\/media?parent=18767"}],"wp:term":[{"taxonomy":"product_brand","embeddable":true,"href":"https:\/\/elnesry.com\/fr\/wp-json\/wp\/v2\/product_brand?post=18767"},{"taxonomy":"product_cat","embeddable":true,"href":"https:\/\/elnesry.com\/fr\/wp-json\/wp\/v2\/product_cat?post=18767"},{"taxonomy":"product_tag","embeddable":true,"href":"https:\/\/elnesry.com\/fr\/wp-json\/wp\/v2\/product_tag?post=18767"}],"curies":[{"name":"wp","href":"https:\/\/api.w.org\/{rel}","templated":true}]}}