{"id":18942,"date":"2025-03-20T23:19:54","date_gmt":"2025-03-20T22:19:54","guid":{"rendered":"https:\/\/elnesry.com\/?post_type=product&#038;p=18942"},"modified":"2025-10-16T21:49:31","modified_gmt":"2025-10-16T20:49:31","slug":"caftan-abaya-vert","status":"publish","type":"product","link":"https:\/\/elnesry.com\/fr\/store\/caftan-abaya-vert\/","title":{"rendered":"Caftan Abaya -Vert-"},"content":{"rendered":"<p>Optez pour le raffinement absolu avec notre abaya caftan 2 pi\u00e8ces, sublim\u00e9e par un galon d\u00e9licat qui apporte une touche d&#8217;\u00e9l\u00e9gance suppl\u00e9mentaire. Con\u00e7ue pour offrir confort et sophistication, cette abaya est parfaite pour vos \u00e9v\u00e9nements sp\u00e9ciaux. Sa coupe fluide et ses d\u00e9tails fins vous assureront une allure chic et intemporelle.<\/p>","protected":false},"excerpt":{"rendered":"<p>Optez pour le raffinement absolu avec notre abaya caftan 2 pi\u00e8ces, sublim\u00e9e par un galon d\u00e9licat qui apporte une touche<\/p>","protected":false},"featured_media":18943,"comment_status":"open","ping_status":"closed","template":"","meta":{"_acf_changed":false},"product_brand":[],"product_cat":[118],"product_tag":[],"class_list":{"0":"post-18942","1":"product","2":"type-product","3":"status-publish","4":"has-post-thumbnail","6":"product_cat-118","8":"first","9":"outofstock","10":"shipping-taxable","11":"purchasable","12":"product-type-variable"},"acf":[],"_links":{"self":[{"href":"https:\/\/elnesry.com\/fr\/wp-json\/wp\/v2\/product\/18942","targetHints":{"allow":["GET"]}}],"collection":[{"href":"https:\/\/elnesry.com\/fr\/wp-json\/wp\/v2\/product"}],"about":[{"href":"https:\/\/elnesry.com\/fr\/wp-json\/wp\/v2\/types\/product"}],"replies":[{"embeddable":true,"href":"https:\/\/elnesry.com\/fr\/wp-json\/wp\/v2\/comments?post=18942"}],"wp:featuredmedia":[{"embeddable":true,"href":"https:\/\/elnesry.com\/fr\/wp-json\/wp\/v2\/media\/18943"}],"wp:attachment":[{"href":"https:\/\/elnesry.com\/fr\/wp-json\/wp\/v2\/media?parent=18942"}],"wp:term":[{"taxonomy":"product_brand","embeddable":true,"href":"https:\/\/elnesry.com\/fr\/wp-json\/wp\/v2\/product_brand?post=18942"},{"taxonomy":"product_cat","embeddable":true,"href":"https:\/\/elnesry.com\/fr\/wp-json\/wp\/v2\/product_cat?post=18942"},{"taxonomy":"product_tag","embeddable":true,"href":"https:\/\/elnesry.com\/fr\/wp-json\/wp\/v2\/product_tag?post=18942"}],"curies":[{"name":"wp","href":"https:\/\/api.w.org\/{rel}","templated":true}]}}