{"id":19139,"date":"2025-05-06T20:06:38","date_gmt":"2025-05-06T19:06:38","guid":{"rendered":"https:\/\/elnesry.com\/?post_type=product&#038;p=19139"},"modified":"2025-10-16T21:48:36","modified_gmt":"2025-10-16T20:48:36","slug":"%d9%81%d8%b3%d8%aa%d8%a7%d9%86-%d9%86%d8%b1%d8%ac%d8%b3","status":"publish","type":"product","link":"https:\/\/elnesry.com\/fr\/store\/%d9%81%d8%b3%d8%aa%d8%a7%d9%86-%d9%86%d8%b1%d8%ac%d8%b3\/","title":{"rendered":"\u0641\u0633\u062a\u0627\u0646 \u0646\u0631\u062c\u0633"},"content":{"rendered":"<p>Confectionn\u00e9e dans un tissu fluide et l\u00e9ger, cette robe flatte toutes les silhouettes gr\u00e2ce \u00e0 sa coupe \u00e9vas\u00e9e et son tomb\u00e9 naturel.<br \/>\nSa couleur estivale \u2014 vibrante et lumineuse \u2014 apporte une touche de fra\u00eecheur \u00e0 votre dressing. \u00c0 porter aussi bien en journ\u00e9e avec des sandales\/basquette qu\u2019en soir\u00e9e avec des talons.<br \/>\nDisponible d\u00e8s maintenant en boutique et en ligne !<\/p>","protected":false},"excerpt":{"rendered":"<p>Confectionn\u00e9e dans un tissu fluide et l\u00e9ger, cette robe flatte toutes les silhouettes gr\u00e2ce \u00e0 sa coupe \u00e9vas\u00e9e et son<\/p>","protected":false},"featured_media":19148,"comment_status":"open","ping_status":"closed","template":"","meta":{"_acf_changed":false},"product_brand":[],"product_cat":[58],"product_tag":[],"class_list":{"0":"post-19139","1":"product","2":"type-product","3":"status-publish","4":"has-post-thumbnail","6":"product_cat-58","8":"first","9":"outofstock","10":"shipping-taxable","11":"purchasable","12":"product-type-variable"},"acf":[],"_links":{"self":[{"href":"https:\/\/elnesry.com\/fr\/wp-json\/wp\/v2\/product\/19139","targetHints":{"allow":["GET"]}}],"collection":[{"href":"https:\/\/elnesry.com\/fr\/wp-json\/wp\/v2\/product"}],"about":[{"href":"https:\/\/elnesry.com\/fr\/wp-json\/wp\/v2\/types\/product"}],"replies":[{"embeddable":true,"href":"https:\/\/elnesry.com\/fr\/wp-json\/wp\/v2\/comments?post=19139"}],"wp:featuredmedia":[{"embeddable":true,"href":"https:\/\/elnesry.com\/fr\/wp-json\/wp\/v2\/media\/19148"}],"wp:attachment":[{"href":"https:\/\/elnesry.com\/fr\/wp-json\/wp\/v2\/media?parent=19139"}],"wp:term":[{"taxonomy":"product_brand","embeddable":true,"href":"https:\/\/elnesry.com\/fr\/wp-json\/wp\/v2\/product_brand?post=19139"},{"taxonomy":"product_cat","embeddable":true,"href":"https:\/\/elnesry.com\/fr\/wp-json\/wp\/v2\/product_cat?post=19139"},{"taxonomy":"product_tag","embeddable":true,"href":"https:\/\/elnesry.com\/fr\/wp-json\/wp\/v2\/product_tag?post=19139"}],"curies":[{"name":"wp","href":"https:\/\/api.w.org\/{rel}","templated":true}]}}